{"id":2675,"date":"2021-05-20T12:35:35","date_gmt":"2021-05-20T12:35:35","guid":{"rendered":"https:\/\/passalacqua.is\/?page_id=2675"},"modified":"2022-12-10T23:11:51","modified_gmt":"2022-12-10T23:11:51","slug":"gaeda-kaffi","status":"publish","type":"page","link":"https:\/\/passalacqua.is\/is\/gaeda-kaffi\/","title":{"rendered":"G\u00e6\u00f0a Kaffi"},"content":{"rendered":"\t\t<div data-elementor-type=\"wp-page\" data-elementor-id=\"2675\" class=\"elementor elementor-2675 elementor-1009\" data-elementor-post-type=\"page\">\n\t\t\t\t\t\t<section class=\"elementor-section elementor-top-section elementor-element elementor-element-3b7ce85 elementor-section-boxed elementor-section-height-default elementor-section-height-default\" data-id=\"3b7ce85\" data-element_type=\"section\" data-e-type=\"section\">\n\t\t\t\t\t\t<div class=\"elementor-container elementor-column-gap-default\">\n\t\t\t\t\t<div class=\"elementor-column elementor-col-33 elementor-top-column elementor-element elementor-element-84ea026\" data-id=\"84ea026\" data-element_type=\"column\" data-e-type=\"column\">\n\t\t\t<div class=\"elementor-widget-wrap elementor-element-populated\">\n\t\t\t\t\t\t\t<\/div>\n\t\t<\/div>\n\t\t\t\t<div class=\"elementor-column elementor-col-66 elementor-top-column elementor-element elementor-element-8d52b66\" data-id=\"8d52b66\" data-element_type=\"column\" data-e-type=\"column\">\n\t\t\t<div class=\"elementor-widget-wrap elementor-element-populated\">\n\t\t\t\t\t\t<div class=\"elementor-element elementor-element-aeba35a elementor-widget elementor-widget-heading\" data-id=\"aeba35a\" data-element_type=\"widget\" data-e-type=\"widget\" data-widget_type=\"heading.default\">\n\t\t\t\t<div class=\"elementor-widget-container\">\n\t\t\t\t\t<div class=\"elementor-heading-title elementor-size-default\"><p class=\"MsoNormal\" style=\"line-height: normal;background-image: initial;background-position: initial;background-size: initial;background-repeat: initial;background-attachment: initial\"><span style=\"font-size: 22.5pt;font-family: Poppins;background-image: initial;background-position: initial;background-size: initial;background-repeat: initial;background-attachment: initial\">\u00dea\u00f0 eru faldir t\u00f6frar \u00ed g\u00f3\u00f0um bolla af kaffi. <\/span><span style=\"font-size: 22.5pt;font-family: Poppins\"><br>\n<span style=\"background-image: initial;background-position: initial;background-size: initial;background-repeat: initial;background-attachment: initial\">R\u00e9tta blandan getur breytt \u00e1vexti \u00ed upplifun<\/span><\/span><span style=\"font-size:22.5pt;,sans-serif;color:black\">.<\/span><span style=\"font-size:22.5pt;,sans-serif\"><\/span><\/p>\n\n<\/div>\t\t\t\t<\/div>\n\t\t\t\t<\/div>\n\t\t\t\t<div class=\"elementor-element elementor-element-e6199cb elementor-widget elementor-widget-text-editor\" data-id=\"e6199cb\" data-element_type=\"widget\" data-e-type=\"widget\" data-widget_type=\"text-editor.default\">\n\t\t\t\t<div class=\"elementor-widget-container\">\n\t\t\t\t\t\t\t\t\t<p style=\"line-height: normal; background-image: initial; background-position: initial; background-size: initial; background-repeat: initial; background-attachment: initial; background-origin: initial; background-clip: initial;\"><span style=\"font-size: 13.5pt; font-family: Arial, sans-serif;\">A\u00f0 breyta \u00e1vexti \u00ed tilfinningu er eitthva\u00f0 sem \u00fe\u00fa hefur gert svo oft a\u00f0 \u00fe\u00fa hugsar ekki um \u00fea\u00f0 lengur, \u00fe\u00fa hugsar bara um brag\u00f0i\u00f0, og \u00fea\u00f0 \u00fearf a\u00f0 vera gott. G\u00f3\u00f0 kaffistund er \u00feegar \u00fe\u00fa finnur ekkert nema brag\u00f0i\u00f0 og lyktina, bara \u00fe\u00fa og kaffibollinn.&nbsp; \u00de\u00fa g\u00e6tir spurt sj\u00e1lfan \u00feig hva\u00f0an \u00feetta \u00e6\u00f0islega&nbsp;<br>kaffi kemur, og hversu langt hefur \u00fea\u00f0 fer\u00f0ast til a\u00f0 komast alla lei\u00f0 \u00ed bollann \u00feinn.<\/span><\/p>\n<p style=\"line-height: normal; background-image: initial; background-position: initial; background-size: initial; background-repeat: initial; background-attachment: initial; background-origin: initial; background-clip: initial;\"><span style=\"font-family: Arial, sans-serif; font-size: 13.5pt; text-align: inherit; background-color: var(--has-background, var(--palettecolor8)); color: var(--theme-text-color); font-style: var(--fontStyle, inherit); font-weight: var(--fontWeight); letter-spacing: var(--letterSpacing); text-transform: var(--textTransform);\">Vi\u00f0 hj\u00e1 Passalacqua viljum fr\u00e6\u00f0a \u00feig um hvernig gott kaffi ver\u00f0ur til. Fer\u00f0alagi\u00f0 fr\u00e1 kaffiekrunum \u00ed g\u00f3\u00f0ann kaffibolla handa \u00fe\u00e9r byggir \u00e1 r\u00e9ttum \u00e1kv\u00f6r\u00f0unum \u00ed hverju skrefi vi\u00f0 framlei\u00f0sluferli\u00f0. Okkar \u00f3sk er a\u00f0 bj\u00f3\u00f0a \u00fe\u00e9r kaffi me\u00f0 einst\u00f6kum ilm og brag\u00f0i, kaffi sem er alltaf jafn gott og \u00fe\u00fa \u00e6tlast til.<\/span><\/p>\n<p style=\"line-height: normal; background-image: initial; background-position: initial; background-size: initial; background-repeat: initial; background-attachment: initial; background-origin: initial; background-clip: initial;\">\n<\/p><p style=\"line-height: normal; background-image: initial; background-position: initial; background-size: initial; background-repeat: initial; background-attachment: initial; background-origin: initial; background-clip: initial;\"><b><span style=\"font-size: 13.5pt; font-family: 'Arial',sans-serif; mso-fareast-font-family: 'Times New Roman'; color: #937d2e;\">\u00c1 PLANTEKRUNNI<\/span><\/b><span style=\"color: black; mso-color-alt: windowtext;\"><br><\/span><span style=\"font-size: 13.5pt; font-family: 'Arial',sans-serif; mso-fareast-font-family: 'Times New Roman'; color: #937d2e;\">Vi\u00f0 kaupum okkar kaffi fr\u00e1 bestu framlei\u00f0endunum, og vi\u00f0 veljum bara ekrur \u00fear sem \u00e1vextirnir eru handt\u00fdndir. \u00deessi h\u00e6gvirkari en n\u00e1kv\u00e6mari a\u00f0fer\u00f0 tryggir a\u00f0 einungis \u00e1vextir sem eru r\u00e9tt \u00feroska\u00f0ir eru t\u00fdndir og nota\u00f0ir, einungis \u00feeir sem hafa upp\u00e1 a\u00f0 bj\u00f3\u00f0a fr\u00e1b\u00e6ran ilm og brag\u00f0 eru valdir \u00ed ristunarferli\u00f0.<b><\/b><\/span><\/p>\n<p style=\"line-height: normal; background-image: initial; background-position: initial; background-size: initial; background-repeat: initial; background-attachment: initial; background-origin: initial; background-clip: initial;\"><span style=\"font-size: 13.5pt; font-family: Arial, sans-serif;\">Passalacqua kaffi er vali\u00f0 \u00far bestu g\u00e6\u00f0um og innflutt \u00ed tunnum e\u00f0a \u00fe\u00e9tt v\u00f6f\u00f0um tau pokum til a\u00f0 tryggja ferskleika fr\u00e1 plantekru, \u00ed skipinu og a\u00f0 lokum \u00ed v\u00f6ruh\u00fas okkar \u00ed Napol\u00ed.<\/span><\/p>\n<p style=\"line-height: normal; background-image: initial; background-position: initial; background-size: initial; background-repeat: initial; background-attachment: initial; background-origin: initial; background-clip: initial;\"><span style=\"font-size: 13.5pt; font-family: Arial, sans-serif;\"><b>FER\u00d0ALAGI\u00d0<\/b><\/span><span style=\"color: black; mso-color-alt: windowtext;\"><br><\/span><span style=\"font-size: 13.5pt; font-family: Arial, sans-serif;\">Kaffi\u00f0 fer \u00ed gegnum \u00edtarlega sko\u00f0un \u00e1 fer\u00f0 sinni fr\u00e1 skipinu \u00ed v\u00f6ruh\u00fasi\u00f0 til a\u00f0 tryggja a\u00f0 kaffi\u00f0 s\u00e9 \u00ed topp \u00e1standi \u00feegar \u00fea\u00f0 kemur til okkar. Vi\u00f0 fjarl\u00e6gjum himnurnar af kaffi baununum \u00e1\u00f0ur en \u00fe\u00e6r eru rista\u00f0ar, \u00fev\u00ed vi\u00f0 tr\u00faum \u00fev\u00ed a\u00f0 kaffiilmurinn og brag\u00f0i\u00f0 eigi a\u00f0 hafa forgang.<br>A\u00f0 lokinni ristun, vacuum p\u00f6kkum vi\u00f0 kaffinu til a\u00f0 var\u00f0veita brag\u00f0i\u00f0 og ilminn sem tekur \u00e1 m\u00f3ti \u00fe\u00e9r um lei\u00f0 og \u00fe\u00fa opnar pakkann. Brag\u00f0 og ilmur af s\u00e9rv\u00f6ldum tegundum og bl\u00f6ndum leikur vi\u00f0 brag\u00f0lauka \u00fe\u00edna og \u00feefskyn.<\/span><\/p>\n<p style=\"line-height: normal; background-image: initial; background-position: initial; background-size: initial; background-repeat: initial; background-attachment: initial; background-origin: initial; background-clip: initial;\"><b><span style=\"font-size: 13.5pt; font-family: Arial, sans-serif;\">\u00c1 KAFFIH\u00daSINU<\/span><\/b><span style=\"color: black; mso-color-alt: windowtext;\"><br><\/span><span style=\"font-size: 13.5pt; font-family: Arial, sans-serif;\">Meira en 1000 kaffih\u00fas \u00e1 \u00cdtal\u00edu og v\u00ed\u00f0ar hafa kosi\u00f0 a\u00f0 nota Passalacqua kaffi. \u00deau n\u00fdta s\u00e9r g\u00f3\u00f0a \u00fej\u00e1lfun og kennslu \u00ed a\u00f0 b\u00faa til alv\u00f6ru Napol\u00edskt espresso. Vel \u00fej\u00e1lfa\u00f0ur kaffibar\u00fej\u00f3nn me\u00f0 bestu espresso v\u00e9larnar \u00e1samt g\u00e6\u00f0akaffibaun a\u00f0 vi\u00f0b\u00e6ttri \u00e1str\u00ed\u00f0u mun f\u00e6ra f\u00e6ra \u00fe\u00e9r \u00f3gleymanlegan kaffibolla.<\/span><\/p>\n<p style=\"line-height: normal; background-image: initial; background-position: initial; background-size: initial; background-repeat: initial; background-attachment: initial; background-origin: initial; background-clip: initial;\"><b><span style=\"font-size: 13.5pt; font-family: Arial, sans-serif;\">\u00c1 SKRIFSTOFUNNI&nbsp;<\/span><\/b><span style=\"color:black;mso-color-alt:windowtext\"><br><\/span><span style=\"font-size: 13.5pt; font-family: Arial, sans-serif;\">Passalacqua gerir \u00fe\u00e9r kleift a\u00f0 breyta kaffip\u00e1su \u00e1 skrifstofunni \u00ed g\u00e6\u00f0a stund me\u00f0 fr\u00e1b\u00e6ru kaffi p\u00fa\u00f0unum e\u00f0a Nespresso hylkjunum, sem er \u00fatkoma af n\u00fdsk\u00f6pun \u00ed framlei\u00f0slu ferlinu. \u00dear helst fullkomlega kaffi ilmurinn, brag\u00f0i\u00f0 og g\u00e6\u00f0in \u00e1samt \u00fe\u00e6gindum og einfaldleika sem hentar svo vel \u00e1 n\u00fat\u00edma skrifstofu.<\/span><\/p>\n<p><b><span style=\"font-size: 13.5pt; line-height: 107%; font-family: Arial, sans-serif;\">HEIMA<\/span><\/b><span style=\"font-size:11.0pt;line-height:107%; font-family:&quot;Calibri&quot;,sans-serif;mso-ascii-theme-font:minor-latin;mso-fareast-font-family: Calibri;mso-fareast-theme-font:minor-latin;mso-hansi-theme-font:minor-latin; mso-bidi-font-family:&quot;Times New Roman&quot;;mso-bidi-theme-font:minor-bidi; mso-ansi-language:EN-US;mso-fareast-language:EN-US;mso-bidi-language:AR-SA\"><br><\/span><\/p>\n<p><span style=\"font-size: 13.5pt; text-align: inherit; color: var(--theme-text-color); font-style: var(--fontStyle, inherit); font-weight: var(--fontWeight); letter-spacing: var(--letterSpacing); text-decoration-line: ; text-transform: var(--textTransform); font-family: Arial, sans-serif; background-color: var(--has-background, var(--theme-palette-color-8));\">Passalacqua kaffi\u00f0 kemur \u00ed fr\u00e6gu gulu d\u00f3sunum e\u00f0a vacump\u00f6kkunum allt hanna\u00f0 til a\u00f0 vi\u00f0halda ferskleika og g\u00e6\u00f0um fr\u00e1 plantekru \u00e1 eldh\u00fasbor\u00f0.&nbsp;<\/span><span style=\"font-size: 13.5pt; text-align: inherit; color: var(--theme-text-color); font-style: var(--fontStyle, inherit); font-weight: var(--fontWeight); letter-spacing: var(--letterSpacing); text-decoration-line: ; text-transform: var(--textTransform); font-family: Arial, sans-serif; background-color: var(--has-background, var(--theme-palette-color-8));\">P\u00f6kkun \u00e1 kaffinu er s\u00e9rstaklega mikilv\u00e6g \u00ed ferlinu til a\u00f0 var\u00f0veita&nbsp;<\/span><span style=\"font-size: 13.5pt; text-align: inherit; color: var(--theme-text-color); font-style: var(--fontStyle, inherit); font-weight: var(--fontWeight); letter-spacing: var(--letterSpacing); text-decoration-line: ; text-transform: var(--textTransform); font-family: Arial, sans-serif; background-color: var(--has-background, var(--theme-palette-color-8));\">g\u00e6\u00f0in. \u00c1samt kaffiger\u00f0 bygg\u00f0ri \u00e1 hef\u00f0um og n\u00fdsk\u00f6pun \u00ed framlei\u00f0slu tryggjum vi\u00f0 einst\u00f6k g\u00e6\u00f0i alla lei\u00f0.<\/span><\/p>\n<p style=\"line-height: normal; background-image: initial; background-position: initial; background-size: initial; background-repeat: initial; background-attachment: initial; background-origin: initial; background-clip: initial;\"><span style=\"font-size: 13.5pt;font-family:&quot;Arial&quot;,sans-serif;mso-fareast-font-family:&quot;Times New Roman&quot;; color:#0D0D0D;mso-themecolor:text1;mso-themetint:242\"><o:p><\/o:p><\/span><\/p>\n<p style=\"line-height: normal; background-image: initial; background-position: initial; background-size: initial; background-repeat: initial; background-attachment: initial; background-origin: initial; background-clip: initial;\">\n<\/p><p style=\"line-height: normal; background-image: initial; background-position: initial; background-size: initial; background-repeat: initial; background-attachment: initial; background-origin: initial; background-clip: initial;\">\n<\/p><p style=\"line-height: normal; background-image: initial; background-position: initial; background-size: initial; background-repeat: initial; background-attachment: initial; background-origin: initial; background-clip: initial;\">\n<\/p>\t\t\t\t\t\t\t\t<\/div>\n\t\t\t\t<\/div>\n\t\t\t\t\t<\/div>\n\t\t<\/div>\n\t\t\t\t\t<\/div>\n\t\t<\/section>\n\t\t\t\t<\/div>\n\t\t","protected":false},"excerpt":{"rendered":"<p>\u00dea\u00f0 eru faldir t\u00f6frar \u00ed g\u00f3\u00f0um bolla af kaffi. R\u00e9tta blandan getur breytt \u00e1vexti \u00ed upplifun. A\u00f0 breyta \u00e1vexti \u00ed tilfinningu er eitthva\u00f0 sem \u00fe\u00fa hefur gert svo oft a\u00f0 \u00fe\u00fa hugsar ekki um \u00fea\u00f0 lengur, \u00fe\u00fa hugsar bara um brag\u00f0i\u00f0, og \u00fea\u00f0 \u00fearf a\u00f0 vera gott. G\u00f3\u00f0 kaffistund er \u00feegar \u00fe\u00fa finnur ekkert nema [&hellip;]<\/p>\n","protected":false},"author":3,"featured_media":2677,"parent":0,"menu_order":0,"comment_status":"closed","ping_status":"closed","template":"","meta":{"_crdt_document":"","footnotes":""},"class_list":["post-2675","page","type-page","status-publish","has-post-thumbnail","hentry"],"blocksy_meta":{"styles_descriptor":{"styles":{"desktop":"","tablet":"","mobile":""},"google_fonts":[],"version":6}},"_links":{"self":[{"href":"https:\/\/passalacqua.is\/is\/wp-json\/wp\/v2\/pages\/2675","targetHints":{"allow":["GET"]}}],"collection":[{"href":"https:\/\/passalacqua.is\/is\/wp-json\/wp\/v2\/pages"}],"about":[{"href":"https:\/\/passalacqua.is\/is\/wp-json\/wp\/v2\/types\/page"}],"author":[{"embeddable":true,"href":"https:\/\/passalacqua.is\/is\/wp-json\/wp\/v2\/users\/3"}],"replies":[{"embeddable":true,"href":"https:\/\/passalacqua.is\/is\/wp-json\/wp\/v2\/comments?post=2675"}],"version-history":[{"count":34,"href":"https:\/\/passalacqua.is\/is\/wp-json\/wp\/v2\/pages\/2675\/revisions"}],"predecessor-version":[{"id":3112,"href":"https:\/\/passalacqua.is\/is\/wp-json\/wp\/v2\/pages\/2675\/revisions\/3112"}],"wp:featuredmedia":[{"embeddable":true,"href":"https:\/\/passalacqua.is\/is\/wp-json\/wp\/v2\/media\/2677"}],"wp:attachment":[{"href":"https:\/\/passalacqua.is\/is\/wp-json\/wp\/v2\/media?parent=2675"}],"curies":[{"name":"wp","href":"https:\/\/api.w.org\/{rel}","templated":true}]}}