{"id":2731,"date":"2021-05-20T12:53:53","date_gmt":"2021-05-20T12:53:53","guid":{"rendered":"https:\/\/passalacqua.is\/?page_id=2731"},"modified":"2022-12-15T18:37:19","modified_gmt":"2022-12-15T18:37:19","slug":"home","status":"publish","type":"page","link":"https:\/\/passalacqua.is\/is\/","title":{"rendered":"Heim"},"content":{"rendered":"\t\t<div data-elementor-type=\"wp-page\" data-elementor-id=\"2731\" class=\"elementor elementor-2731 elementor-2650\" data-elementor-post-type=\"page\">\n\t\t\t\t\t\t<section class=\"elementor-section elementor-top-section elementor-element elementor-element-f28c39d elementor-section-height-min-height elementor-hidden-phone elementor-section-full_width ct-section-stretched elementor-section-height-default elementor-section-items-middle\" data-id=\"f28c39d\" data-element_type=\"section\" data-e-type=\"section\" data-settings=\"{&quot;background_background&quot;:&quot;classic&quot;}\">\n\t\t\t\t\t\t\t<div class=\"elementor-background-overlay\"><\/div>\n\t\t\t\t\t\t\t<div class=\"elementor-container elementor-column-gap-default\">\n\t\t\t\t\t<div class=\"elementor-column elementor-col-100 elementor-top-column elementor-element elementor-element-7c650d2\" data-id=\"7c650d2\" data-element_type=\"column\" data-e-type=\"column\">\n\t\t\t<div class=\"elementor-widget-wrap elementor-element-populated\">\n\t\t\t\t\t\t<div class=\"elementor-element elementor-element-6329658 elementor-widget elementor-widget-heading\" data-id=\"6329658\" data-element_type=\"widget\" data-e-type=\"widget\" data-widget_type=\"heading.default\">\n\t\t\t\t<div class=\"elementor-widget-container\">\n\t\t\t\t\t<h2 class=\"elementor-heading-title elementor-size-small\">G\u00e6\u00f0akaffi fr\u00e1 Napoli<\/h2>\t\t\t\t<\/div>\n\t\t\t\t<\/div>\n\t\t\t\t<div class=\"elementor-element elementor-element-f24142c elementor-align-center elementor-widget elementor-widget-button\" data-id=\"f24142c\" data-element_type=\"widget\" data-e-type=\"widget\" data-widget_type=\"button.default\">\n\t\t\t\t<div class=\"elementor-widget-container\">\n\t\t\t\t\t\t\t\t\t<div class=\"elementor-button-wrapper\">\n\t\t\t\t\t<a class=\"elementor-button elementor-button-link elementor-size-xs\" href=\"https:\/\/passalacqua.is\/shop\/\">\n\t\t\t\t\t\t<span class=\"elementor-button-content-wrapper\">\n\t\t\t\t\t\t\t\t\t<span class=\"elementor-button-text\">Sko\u00f0i\u00f0 \u00farvali\u00f0<\/span>\n\t\t\t\t\t<\/span>\n\t\t\t\t\t<\/a>\n\t\t\t\t<\/div>\n\t\t\t\t\t\t\t\t<\/div>\n\t\t\t\t<\/div>\n\t\t\t\t\t<\/div>\n\t\t<\/div>\n\t\t\t\t\t<\/div>\n\t\t<\/section>\n\t\t\t\t<section class=\"elementor-section elementor-top-section elementor-element elementor-element-c89804f elementor-section-content-middle elementor-section-boxed elementor-section-height-default elementor-section-height-default\" data-id=\"c89804f\" data-element_type=\"section\" data-e-type=\"section\">\n\t\t\t\t\t\t<div class=\"elementor-container elementor-column-gap-no\">\n\t\t\t\t\t<div class=\"elementor-column elementor-col-100 elementor-top-column elementor-element elementor-element-36410a1\" data-id=\"36410a1\" data-element_type=\"column\" data-e-type=\"column\">\n\t\t\t<div class=\"elementor-widget-wrap elementor-element-populated\">\n\t\t\t\t\t\t<div class=\"elementor-element elementor-element-a73334b elementor-widget elementor-widget-heading\" data-id=\"a73334b\" data-element_type=\"widget\" data-e-type=\"widget\" data-widget_type=\"heading.default\">\n\t\t\t\t<div class=\"elementor-widget-container\">\n\t\t\t\t\t<h4 class=\"elementor-heading-title elementor-size-default\">Vins\u00e6last<\/h4>\t\t\t\t<\/div>\n\t\t\t\t<\/div>\n\t\t\t\t<div class=\"elementor-element elementor-element-310afa1 elementor-product-loop-item--align-center animated-slow elementor-grid-4 elementor-grid-tablet-3 elementor-grid-mobile-2 elementor-products-grid elementor-wc-products elementor-invisible elementor-widget elementor-widget-woocommerce-products\" data-id=\"310afa1\" data-element_type=\"widget\" data-e-type=\"widget\" data-settings=\"{&quot;_animation&quot;:&quot;fadeInRight&quot;,&quot;_animation_delay&quot;:0}\" data-widget_type=\"woocommerce-products.default\">\n\t\t\t\t<div class=\"elementor-widget-container\">\n\t\t\t\t\t<div class=\"woocommerce columns-4 \"><ul class=\"products elementor-grid columns-4\" data-products=\"type-2\">\n<li class=\"product type-product post-2696 status-publish first instock product_cat-baunir has-post-thumbnail featured shipping-taxable purchasable product-type-simple\">\n\t<a href=\"https:\/\/passalacqua.is\/is\/shop\/baunir\/gold-vulcan-baunir-500g\/\" class=\"woocommerce-LoopProduct-link woocommerce-loop-product__link\"><img fetchpriority=\"high\" decoding=\"async\" width=\"300\" height=\"300\" src=\"https:\/\/passalacqua.is\/wp-content\/uploads\/2021\/04\/gold_1-300x300.jpg\" class=\"attachment-woocommerce_thumbnail size-woocommerce_thumbnail\" alt=\"Gold Vulcan baunir 500g\" srcset=\"https:\/\/passalacqua.is\/wp-content\/uploads\/2021\/04\/gold_1-300x300.jpg 300w, https:\/\/passalacqua.is\/wp-content\/uploads\/2021\/04\/gold_1-100x100.jpg 100w, https:\/\/passalacqua.is\/wp-content\/uploads\/2021\/04\/gold_1-150x150.jpg 150w\" sizes=\"(max-width: 300px) 100vw, 300px\" \/><h2 class=\"woocommerce-loop-product__title\">Gold Vulcan baunir 500g<\/h2>\n\t<span class=\"price\"><span class=\"woocommerce-Price-amount amount\"><bdi><span class=\"woocommerce-Price-currencySymbol\">kr.<\/span>2,690.00<\/bdi><\/span><\/span>\n<\/a><a href=\"\/is\/wp-json\/wp\/v2\/pages\/2731?add-to-cart=2696\" aria-describedby=\"woocommerce_loop_add_to_cart_link_describedby_2696\" data-quantity=\"1\" class=\"button product_type_simple add_to_cart_button ajax_add_to_cart\" data-product_id=\"2696\" data-product_sku=\"\" aria-label=\"Add to cart: &ldquo;Gold Vulcan baunir 500g&rdquo;\" rel=\"nofollow\" data-success_message=\"&ldquo;Gold Vulcan baunir 500g&rdquo; has been added to your cart\" role=\"button\">Add to cart<\/a>\t<span id=\"woocommerce_loop_add_to_cart_link_describedby_2696\" class=\"screen-reader-text\">\n\t\t\t<\/span>\n<\/li>\n<li class=\"product type-product post-2670 status-publish instock product_cat-baunir has-post-thumbnail featured shipping-taxable purchasable product-type-simple\">\n\t<a href=\"https:\/\/passalacqua.is\/is\/shop\/baunir\/cremador-baunir-1kg\/\" class=\"woocommerce-LoopProduct-link woocommerce-loop-product__link\"><img decoding=\"async\" width=\"300\" height=\"300\" src=\"https:\/\/passalacqua.is\/wp-content\/uploads\/2021\/04\/cremador_1kg-1-300x300.jpg\" class=\"attachment-woocommerce_thumbnail size-woocommerce_thumbnail\" alt=\"Cremador baunir 1kg\" srcset=\"https:\/\/passalacqua.is\/wp-content\/uploads\/2021\/04\/cremador_1kg-1-300x300.jpg 300w, https:\/\/passalacqua.is\/wp-content\/uploads\/2021\/04\/cremador_1kg-1-100x100.jpg 100w, https:\/\/passalacqua.is\/wp-content\/uploads\/2021\/04\/cremador_1kg-1-150x150.jpg 150w\" sizes=\"(max-width: 300px) 100vw, 300px\" \/><h2 class=\"woocommerce-loop-product__title\">Cremador baunir 1kg<\/h2>\n\t<span class=\"price\"><span class=\"woocommerce-Price-amount amount\"><bdi><span class=\"woocommerce-Price-currencySymbol\">kr.<\/span>6,150.00<\/bdi><\/span><\/span>\n<\/a><a href=\"\/is\/wp-json\/wp\/v2\/pages\/2731?add-to-cart=2670\" aria-describedby=\"woocommerce_loop_add_to_cart_link_describedby_2670\" data-quantity=\"1\" class=\"button product_type_simple add_to_cart_button ajax_add_to_cart\" data-product_id=\"2670\" data-product_sku=\"\" aria-label=\"Add to cart: &ldquo;Cremador baunir 1kg&rdquo;\" rel=\"nofollow\" data-success_message=\"&ldquo;Cremador baunir 1kg&rdquo; has been added to your cart\" role=\"button\">Add to cart<\/a>\t<span id=\"woocommerce_loop_add_to_cart_link_describedby_2670\" class=\"screen-reader-text\">\n\t\t\t<\/span>\n<\/li>\n<li class=\"product type-product post-3084 status-publish instock product_cat-baunir has-post-thumbnail featured shipping-taxable purchasable product-type-simple\">\n\t<a href=\"https:\/\/passalacqua.is\/is\/shop\/baunir\/vesuvio\/\" class=\"woocommerce-LoopProduct-link woocommerce-loop-product__link\"><img decoding=\"async\" width=\"300\" height=\"300\" src=\"https:\/\/passalacqua.is\/wp-content\/uploads\/2021\/04\/vesuvio_1kg-300x300.jpg\" class=\"attachment-woocommerce_thumbnail size-woocommerce_thumbnail\" alt=\"Vesuvio baunir 1kg\" srcset=\"https:\/\/passalacqua.is\/wp-content\/uploads\/2021\/04\/vesuvio_1kg-300x300.jpg 300w, https:\/\/passalacqua.is\/wp-content\/uploads\/2021\/04\/vesuvio_1kg-100x100.jpg 100w, https:\/\/passalacqua.is\/wp-content\/uploads\/2021\/04\/vesuvio_1kg-150x150.jpg 150w\" sizes=\"(max-width: 300px) 100vw, 300px\" \/><h2 class=\"woocommerce-loop-product__title\">Vesuvio baunir 1kg<\/h2>\n\t<span class=\"price\"><span class=\"woocommerce-Price-amount amount\"><bdi><span class=\"woocommerce-Price-currencySymbol\">kr.<\/span>6,750.00<\/bdi><\/span><\/span>\n<\/a><a href=\"\/is\/wp-json\/wp\/v2\/pages\/2731?add-to-cart=3084\" aria-describedby=\"woocommerce_loop_add_to_cart_link_describedby_3084\" data-quantity=\"1\" class=\"button product_type_simple add_to_cart_button ajax_add_to_cart\" data-product_id=\"3084\" data-product_sku=\"\" aria-label=\"Add to cart: &ldquo;Vesuvio baunir 1kg&rdquo;\" rel=\"nofollow\" data-success_message=\"&ldquo;Vesuvio baunir 1kg&rdquo; has been added to your cart\" role=\"button\">Add to cart<\/a>\t<span id=\"woocommerce_loop_add_to_cart_link_describedby_3084\" class=\"screen-reader-text\">\n\t\t\t<\/span>\n<\/li>\n<li class=\"product type-product post-3085 status-publish last instock product_cat-baunir has-post-thumbnail featured shipping-taxable purchasable product-type-simple\">\n\t<a href=\"https:\/\/passalacqua.is\/is\/shop\/baunir\/mexico-5\/\" class=\"woocommerce-LoopProduct-link woocommerce-loop-product__link\"><img loading=\"lazy\" decoding=\"async\" width=\"300\" height=\"300\" src=\"https:\/\/passalacqua.is\/wp-content\/uploads\/2021\/04\/mekico2_1-1-300x300.jpg\" class=\"attachment-woocommerce_thumbnail size-woocommerce_thumbnail\" alt=\"Mexico baunir 1kg\" srcset=\"https:\/\/passalacqua.is\/wp-content\/uploads\/2021\/04\/mekico2_1-1-300x300.jpg 300w, https:\/\/passalacqua.is\/wp-content\/uploads\/2021\/04\/mekico2_1-1-100x100.jpg 100w, https:\/\/passalacqua.is\/wp-content\/uploads\/2021\/04\/mekico2_1-1-150x150.jpg 150w\" sizes=\"(max-width: 300px) 100vw, 300px\" \/><h2 class=\"woocommerce-loop-product__title\">Mexico baunir 1kg<\/h2>\n\t<span class=\"price\"><span class=\"woocommerce-Price-amount amount\"><bdi><span class=\"woocommerce-Price-currencySymbol\">kr.<\/span>7,140.00<\/bdi><\/span><\/span>\n<\/a><a href=\"\/is\/wp-json\/wp\/v2\/pages\/2731?add-to-cart=3085\" aria-describedby=\"woocommerce_loop_add_to_cart_link_describedby_3085\" data-quantity=\"1\" class=\"button product_type_simple add_to_cart_button ajax_add_to_cart\" data-product_id=\"3085\" data-product_sku=\"\" aria-label=\"Add to cart: &ldquo;Mexico baunir 1kg&rdquo;\" rel=\"nofollow\" data-success_message=\"&ldquo;Mexico baunir 1kg&rdquo; has been added to your cart\" role=\"button\">Add to cart<\/a>\t<span id=\"woocommerce_loop_add_to_cart_link_describedby_3085\" class=\"screen-reader-text\">\n\t\t\t<\/span>\n<\/li>\n<\/ul>\n<\/div>\t\t\t\t<\/div>\n\t\t\t\t<\/div>\n\t\t\t\t\t<\/div>\n\t\t<\/div>\n\t\t\t\t\t<\/div>\n\t\t<\/section>\n\t\t\t\t<section class=\"elementor-section elementor-top-section elementor-element elementor-element-1c6e0f2 elementor-section-content-bottom elementor-section-height-min-height elementor-section-full_width elementor-section-items-bottom elementor-hidden-phone elementor-hidden-tablet elementor-reverse-tablet elementor-reverse-mobile elementor-section-height-default\" data-id=\"1c6e0f2\" data-element_type=\"section\" data-e-type=\"section\" data-settings=\"{&quot;background_background&quot;:&quot;video&quot;,&quot;background_video_link&quot;:&quot;https:\\\/\\\/www.youtube.com\\\/watch?v=lmqw4Gs8zS4&quot;,&quot;animation&quot;:&quot;none&quot;}\">\n\t\t\t\t\t\t\t\t<div class=\"elementor-background-video-container elementor-hidden-mobile\">\n\t\t\t\t\t\t\t\t\t\t\t\t\t<div class=\"elementor-background-video-embed\" role=\"presentation\"><\/div>\n\t\t\t\t\t\t\t\t\t\t\t\t<\/div>\n\t\t\t\t\t\t\t\t\t<div class=\"elementor-background-overlay\"><\/div>\n\t\t\t\t\t\t\t<div class=\"elementor-container elementor-column-gap-default\">\n\t\t\t\t\t<div class=\"elementor-column elementor-col-100 elementor-top-column elementor-element elementor-element-4266a98\" data-id=\"4266a98\" data-element_type=\"column\" data-e-type=\"column\">\n\t\t\t<div class=\"elementor-widget-wrap elementor-element-populated\">\n\t\t\t\t\t\t<div class=\"elementor-element elementor-element-d75c48a elementor-widget elementor-widget-heading\" data-id=\"d75c48a\" data-element_type=\"widget\" data-e-type=\"widget\" data-widget_type=\"heading.default\">\n\t\t\t\t<div class=\"elementor-widget-container\">\n\t\t\t\t\t<h2 class=\"elementor-heading-title elementor-size-default\">Passalacqua er afrakstur fullkomnunar\u00e1r\u00e1ttu  \u00cdtalskrar kaffimenningar<\/h2>\t\t\t\t<\/div>\n\t\t\t\t<\/div>\n\t\t\t\t\t<\/div>\n\t\t<\/div>\n\t\t\t\t\t<\/div>\n\t\t<\/section>\n\t\t\t\t<section class=\"elementor-section elementor-top-section elementor-element elementor-element-78bc083 elementor-section-content-bottom elementor-section-height-min-height elementor-section-full_width elementor-section-items-bottom elementor-hidden-desktop elementor-section-height-default\" data-id=\"78bc083\" data-element_type=\"section\" data-e-type=\"section\" data-settings=\"{&quot;background_background&quot;:&quot;video&quot;,&quot;background_video_link&quot;:&quot;https:\\\/\\\/www.youtube.com\\\/watch?v=lmqw4Gs8zS4&quot;,&quot;background_play_on_mobile&quot;:&quot;yes&quot;}\">\n\t\t\t\t\t\t\t\t<div class=\"elementor-background-video-container\">\n\t\t\t\t\t\t\t\t\t\t\t\t\t<div class=\"elementor-background-video-embed\" role=\"presentation\"><\/div>\n\t\t\t\t\t\t\t\t\t\t\t\t<\/div>\n\t\t\t\t\t\t\t\t\t<div class=\"elementor-background-overlay\"><\/div>\n\t\t\t\t\t\t\t<div class=\"elementor-container elementor-column-gap-default\">\n\t\t\t\t\t<div class=\"elementor-column elementor-col-100 elementor-top-column elementor-element elementor-element-f62a7d2\" data-id=\"f62a7d2\" data-element_type=\"column\" data-e-type=\"column\">\n\t\t\t<div class=\"elementor-widget-wrap elementor-element-populated\">\n\t\t\t\t\t\t<div class=\"elementor-element elementor-element-bc5588a elementor-widget elementor-widget-heading\" data-id=\"bc5588a\" data-element_type=\"widget\" data-e-type=\"widget\" data-widget_type=\"heading.default\">\n\t\t\t\t<div class=\"elementor-widget-container\">\n\t\t\t\t\t<h2 class=\"elementor-heading-title elementor-size-default\">Passalacqua was born from the all-Italian obsession with coffee<\/h2>\t\t\t\t<\/div>\n\t\t\t\t<\/div>\n\t\t\t\t\t<\/div>\n\t\t<\/div>\n\t\t\t\t\t<\/div>\n\t\t<\/section>\n\t\t\t\t<section class=\"elementor-section elementor-top-section elementor-element elementor-element-fcd9a77 elementor-section-content-middle elementor-section-boxed elementor-section-height-default elementor-section-height-default\" data-id=\"fcd9a77\" data-element_type=\"section\" data-e-type=\"section\" data-settings=\"{&quot;background_background&quot;:&quot;classic&quot;}\">\n\t\t\t\t\t\t<div class=\"elementor-container elementor-column-gap-no\">\n\t\t\t\t\t<div class=\"elementor-column elementor-col-100 elementor-top-column elementor-element elementor-element-18f570d\" data-id=\"18f570d\" data-element_type=\"column\" data-e-type=\"column\">\n\t\t\t<div class=\"elementor-widget-wrap elementor-element-populated\">\n\t\t\t\t\t\t<div class=\"elementor-element elementor-element-5a00b97 elementor-widget elementor-widget-heading\" data-id=\"5a00b97\" data-element_type=\"widget\" data-e-type=\"widget\" data-widget_type=\"heading.default\">\n\t\t\t\t<div class=\"elementor-widget-container\">\n\t\t\t\t\t<h4 class=\"elementor-heading-title elementor-size-default\">N\u00fdjustu v\u00f6rurnar<\/h4>\t\t\t\t<\/div>\n\t\t\t\t<\/div>\n\t\t\t\t<div class=\"elementor-element elementor-element-131835f elementor-product-loop-item--align-center animated-slow elementor-grid-4 elementor-grid-tablet-3 elementor-grid-mobile-2 elementor-products-grid elementor-wc-products elementor-invisible elementor-widget elementor-widget-woocommerce-products\" data-id=\"131835f\" data-element_type=\"widget\" data-e-type=\"widget\" data-settings=\"{&quot;_animation&quot;:&quot;fadeInRight&quot;,&quot;_animation_delay&quot;:0}\" data-widget_type=\"woocommerce-products.default\">\n\t\t\t\t<div class=\"elementor-widget-container\">\n\t\t\t\t\t<div class=\"woocommerce columns-4 \"><ul class=\"products elementor-grid columns-4\" data-products=\"type-2\">\n<li class=\"product type-product post-2696 status-publish first instock product_cat-baunir has-post-thumbnail featured shipping-taxable purchasable product-type-simple\">\n\t<a href=\"https:\/\/passalacqua.is\/is\/shop\/baunir\/gold-vulcan-baunir-500g\/\" class=\"woocommerce-LoopProduct-link woocommerce-loop-product__link\"><img fetchpriority=\"high\" decoding=\"async\" width=\"300\" height=\"300\" src=\"https:\/\/passalacqua.is\/wp-content\/uploads\/2021\/04\/gold_1-300x300.jpg\" class=\"attachment-woocommerce_thumbnail size-woocommerce_thumbnail\" alt=\"Gold Vulcan baunir 500g\" srcset=\"https:\/\/passalacqua.is\/wp-content\/uploads\/2021\/04\/gold_1-300x300.jpg 300w, https:\/\/passalacqua.is\/wp-content\/uploads\/2021\/04\/gold_1-100x100.jpg 100w, https:\/\/passalacqua.is\/wp-content\/uploads\/2021\/04\/gold_1-150x150.jpg 150w\" sizes=\"(max-width: 300px) 100vw, 300px\" \/><h2 class=\"woocommerce-loop-product__title\">Gold Vulcan baunir 500g<\/h2>\n\t<span class=\"price\"><span class=\"woocommerce-Price-amount amount\"><bdi><span class=\"woocommerce-Price-currencySymbol\">kr.<\/span>2,690.00<\/bdi><\/span><\/span>\n<\/a><a href=\"\/is\/wp-json\/wp\/v2\/pages\/2731?add-to-cart=2696\" aria-describedby=\"woocommerce_loop_add_to_cart_link_describedby_2696\" data-quantity=\"1\" class=\"button product_type_simple add_to_cart_button ajax_add_to_cart\" data-product_id=\"2696\" data-product_sku=\"\" aria-label=\"Add to cart: &ldquo;Gold Vulcan baunir 500g&rdquo;\" rel=\"nofollow\" data-success_message=\"&ldquo;Gold Vulcan baunir 500g&rdquo; has been added to your cart\" role=\"button\">Add to cart<\/a>\t<span id=\"woocommerce_loop_add_to_cart_link_describedby_2696\" class=\"screen-reader-text\">\n\t\t\t<\/span>\n<\/li>\n<li class=\"product type-product post-2944 status-publish instock product_cat-baunir has-post-thumbnail featured shipping-taxable purchasable product-type-simple\">\n\t<a href=\"https:\/\/passalacqua.is\/is\/shop\/baunir\/black-vulcan\/\" class=\"woocommerce-LoopProduct-link woocommerce-loop-product__link\"><img loading=\"lazy\" decoding=\"async\" width=\"300\" height=\"300\" src=\"https:\/\/passalacqua.is\/wp-content\/uploads\/2021\/04\/black_1-300x300.jpg\" class=\"attachment-woocommerce_thumbnail size-woocommerce_thumbnail\" alt=\"Black Vulcan baunir 500g\" srcset=\"https:\/\/passalacqua.is\/wp-content\/uploads\/2021\/04\/black_1-300x300.jpg 300w, https:\/\/passalacqua.is\/wp-content\/uploads\/2021\/04\/black_1-100x100.jpg 100w, https:\/\/passalacqua.is\/wp-content\/uploads\/2021\/04\/black_1-150x150.jpg 150w\" sizes=\"(max-width: 300px) 100vw, 300px\" \/><h2 class=\"woocommerce-loop-product__title\">Black Vulcan baunir 500g<\/h2>\n\t<span class=\"price\"><span class=\"woocommerce-Price-amount amount\"><bdi><span class=\"woocommerce-Price-currencySymbol\">kr.<\/span>2,390.00<\/bdi><\/span><\/span>\n<\/a><a href=\"\/is\/wp-json\/wp\/v2\/pages\/2731?add-to-cart=2944\" aria-describedby=\"woocommerce_loop_add_to_cart_link_describedby_2944\" data-quantity=\"1\" class=\"button product_type_simple add_to_cart_button ajax_add_to_cart\" data-product_id=\"2944\" data-product_sku=\"\" aria-label=\"Add to cart: &ldquo;Black Vulcan baunir 500g&rdquo;\" rel=\"nofollow\" data-success_message=\"&ldquo;Black Vulcan baunir 500g&rdquo; has been added to your cart\" role=\"button\">Add to cart<\/a>\t<span id=\"woocommerce_loop_add_to_cart_link_describedby_2944\" class=\"screen-reader-text\">\n\t\t\t<\/span>\n<\/li>\n<li class=\"product type-product post-3095 status-publish instock product_cat-baunir has-post-thumbnail shipping-taxable purchasable product-type-simple\">\n\t<a href=\"https:\/\/passalacqua.is\/is\/shop\/baunir\/harem\/\" class=\"woocommerce-LoopProduct-link woocommerce-loop-product__link\"><img loading=\"lazy\" decoding=\"async\" width=\"300\" height=\"300\" src=\"https:\/\/passalacqua.is\/wp-content\/uploads\/2021\/04\/harem_3-300x300.jpg\" class=\"attachment-woocommerce_thumbnail size-woocommerce_thumbnail\" alt=\"Harem baunir 500g\" srcset=\"https:\/\/passalacqua.is\/wp-content\/uploads\/2021\/04\/harem_3-300x300.jpg 300w, https:\/\/passalacqua.is\/wp-content\/uploads\/2021\/04\/harem_3-100x100.jpg 100w, https:\/\/passalacqua.is\/wp-content\/uploads\/2021\/04\/harem_3-150x150.jpg 150w\" sizes=\"(max-width: 300px) 100vw, 300px\" \/><h2 class=\"woocommerce-loop-product__title\">Harem baunir 500g<\/h2>\n\t<span class=\"price\"><span class=\"woocommerce-Price-amount amount\"><bdi><span class=\"woocommerce-Price-currencySymbol\">kr.<\/span>5,150.00<\/bdi><\/span><\/span>\n<\/a><a href=\"\/is\/wp-json\/wp\/v2\/pages\/2731?add-to-cart=3095\" aria-describedby=\"woocommerce_loop_add_to_cart_link_describedby_3095\" data-quantity=\"1\" class=\"button product_type_simple add_to_cart_button ajax_add_to_cart\" data-product_id=\"3095\" data-product_sku=\"\" aria-label=\"Add to cart: &ldquo;Harem baunir 500g&rdquo;\" rel=\"nofollow\" data-success_message=\"&ldquo;Harem baunir 500g&rdquo; has been added to your cart\" role=\"button\">Add to cart<\/a>\t<span id=\"woocommerce_loop_add_to_cart_link_describedby_3095\" class=\"screen-reader-text\">\n\t\t\t<\/span>\n<\/li>\n<li class=\"product type-product post-3072 status-publish last instock product_cat-baunir product_cat-koffinlaust has-post-thumbnail shipping-taxable purchasable product-type-simple\">\n\t<a href=\"https:\/\/passalacqua.is\/is\/shop\/baunir\/deup-4\/\" class=\"woocommerce-LoopProduct-link woocommerce-loop-product__link\"><img loading=\"lazy\" decoding=\"async\" width=\"300\" height=\"300\" src=\"https:\/\/passalacqua.is\/wp-content\/uploads\/2021\/04\/deup_4-300x300.jpg\" class=\"attachment-woocommerce_thumbnail size-woocommerce_thumbnail\" alt=\"Deup espresso baunir 500g\" srcset=\"https:\/\/passalacqua.is\/wp-content\/uploads\/2021\/04\/deup_4-300x300.jpg 300w, https:\/\/passalacqua.is\/wp-content\/uploads\/2021\/04\/deup_4-100x100.jpg 100w, https:\/\/passalacqua.is\/wp-content\/uploads\/2021\/04\/deup_4-150x150.jpg 150w\" sizes=\"(max-width: 300px) 100vw, 300px\" \/><h2 class=\"woocommerce-loop-product__title\">Deup espresso baunir 500g<\/h2>\n\t<span class=\"price\"><span class=\"woocommerce-Price-amount amount\"><bdi><span class=\"woocommerce-Price-currencySymbol\">kr.<\/span>4,250.00<\/bdi><\/span><\/span>\n<\/a><a href=\"\/is\/wp-json\/wp\/v2\/pages\/2731?add-to-cart=3072\" aria-describedby=\"woocommerce_loop_add_to_cart_link_describedby_3072\" data-quantity=\"1\" class=\"button product_type_simple add_to_cart_button ajax_add_to_cart\" data-product_id=\"3072\" data-product_sku=\"\" aria-label=\"Add to cart: &ldquo;Deup espresso baunir 500g&rdquo;\" rel=\"nofollow\" data-success_message=\"&ldquo;Deup espresso baunir 500g&rdquo; has been added to your cart\" role=\"button\">Add to cart<\/a>\t<span id=\"woocommerce_loop_add_to_cart_link_describedby_3072\" class=\"screen-reader-text\">\n\t\t\t<\/span>\n<\/li>\n<\/ul>\n<\/div>\t\t\t\t<\/div>\n\t\t\t\t<\/div>\n\t\t\t\t\t<\/div>\n\t\t<\/div>\n\t\t\t\t\t<\/div>\n\t\t<\/section>\n\t\t\t\t<section class=\"elementor-section elementor-top-section elementor-element elementor-element-42ce199 elementor-section-content-bottom elementor-section-height-min-height elementor-section-full_width elementor-section-items-bottom elementor-section-height-default\" data-id=\"42ce199\" data-element_type=\"section\" data-e-type=\"section\" data-settings=\"{&quot;background_background&quot;:&quot;video&quot;,&quot;background_video_link&quot;:&quot;https:\\\/\\\/www.youtube.com\\\/watch?v=Totp0tJby-s&quot;}\">\n\t\t\t\t\t\t\t\t<div class=\"elementor-background-video-container elementor-hidden-mobile\">\n\t\t\t\t\t\t\t\t\t\t\t\t\t<div class=\"elementor-background-video-embed\" role=\"presentation\"><\/div>\n\t\t\t\t\t\t\t\t\t\t\t\t<\/div>\n\t\t\t\t\t\t\t\t\t<div class=\"elementor-background-overlay\"><\/div>\n\t\t\t\t\t\t\t<div class=\"elementor-container elementor-column-gap-default\">\n\t\t\t\t\t<div class=\"elementor-column elementor-col-100 elementor-top-column elementor-element elementor-element-c180b95\" data-id=\"c180b95\" data-element_type=\"column\" data-e-type=\"column\">\n\t\t\t<div class=\"elementor-widget-wrap\">\n\t\t\t\t\t\t\t<\/div>\n\t\t<\/div>\n\t\t\t\t\t<\/div>\n\t\t<\/section>\n\t\t\t\t<\/div>\n\t\t","protected":false},"excerpt":{"rendered":"<p>G\u00e6\u00f0akaffi fr\u00e1 Napoli Sko\u00f0i\u00f0 \u00farvali\u00f0 Vins\u00e6last Passalacqua er afrakstur fullkomnunar\u00e1r\u00e1ttu \u00cdtalskrar kaffimenningar Passalacqua was born from the all-Italian obsession with coffee N\u00fdjustu v\u00f6rurnar<\/p>\n","protected":false},"author":2,"featured_media":2711,"parent":0,"menu_order":0,"comment_status":"closed","ping_status":"closed","template":"elementor_header_footer","meta":{"_crdt_document":"","footnotes":""},"class_list":["post-2731","page","type-page","status-publish","has-post-thumbnail","hentry"],"blocksy_meta":{"styles_descriptor":{"styles":{"desktop":"","tablet":"","mobile":""},"google_fonts":[],"version":6}},"_links":{"self":[{"href":"https:\/\/passalacqua.is\/is\/wp-json\/wp\/v2\/pages\/2731","targetHints":{"allow":["GET"]}}],"collection":[{"href":"https:\/\/passalacqua.is\/is\/wp-json\/wp\/v2\/pages"}],"about":[{"href":"https:\/\/passalacqua.is\/is\/wp-json\/wp\/v2\/types\/page"}],"author":[{"embeddable":true,"href":"https:\/\/passalacqua.is\/is\/wp-json\/wp\/v2\/users\/2"}],"replies":[{"embeddable":true,"href":"https:\/\/passalacqua.is\/is\/wp-json\/wp\/v2\/comments?post=2731"}],"version-history":[{"count":33,"href":"https:\/\/passalacqua.is\/is\/wp-json\/wp\/v2\/pages\/2731\/revisions"}],"predecessor-version":[{"id":3170,"href":"https:\/\/passalacqua.is\/is\/wp-json\/wp\/v2\/pages\/2731\/revisions\/3170"}],"wp:featuredmedia":[{"embeddable":true,"href":"https:\/\/passalacqua.is\/is\/wp-json\/wp\/v2\/media\/2711"}],"wp:attachment":[{"href":"https:\/\/passalacqua.is\/is\/wp-json\/wp\/v2\/media?parent=2731"}],"curies":[{"name":"wp","href":"https:\/\/api.w.org\/{rel}","templated":true}]}}