{"id":2696,"date":"2021-04-15T17:50:57","date_gmt":"2021-04-15T17:50:57","guid":{"rendered":"https:\/\/passalacqua.is\/product\/gold-vulcan-baunir-500g\/"},"modified":"2022-12-10T14:24:36","modified_gmt":"2022-12-10T14:24:36","slug":"gold-vulcan-baunir-500g","status":"publish","type":"product","link":"https:\/\/passalacqua.is\/is\/shop\/baunir\/gold-vulcan-baunir-500g\/","title":{"rendered":"Gold Vulcan baunir 500g"},"content":{"rendered":"<p>Gold Vulcan er n\u00fdjasta Passalacqua kaffiblandan fyrir \u00fe\u00e1 sem elska g\u00f3\u00f0an espresso.<\/p>\n<p>Samansett af baunum fr\u00e1 bestu r\u00e6ktunarsv\u00e6\u00f0um \u00ed heiminum, ver\u00f0ur n\u00fdja Gold Vulcan blandan fullkomi\u00f0 jafnv\u00e6gi milli ver\u00f0m\u00e6tra Arabica og Robusta, sem gefa fyllingu \u00ed bl\u00f6ndu af ilmandi og brag\u00f0g\u00f3\u00f0u kaffi me\u00f0 keim af heslihnetu og hunangi.<\/p>\n<p>Gold Vulcan er \u00ed bo\u00f0i \u00ed n\u00fdjum 500 gr bauna pokunum hentugum til a\u00f0 gr\u00edpa me\u00f0 s\u00e9r heim e\u00f0a \u00e1 kaffistofuna.<\/p>\n","protected":false},"excerpt":{"rendered":"<p>Gold Vulcan baunir 500g<\/p>\n<p>5 baunabl\u00f6ndur<\/p>\n<p>70% arabica<\/p>\n<hr \/>\n<p><img fetchpriority=\"high\" decoding=\"async\" class=\"alignnone wp-image-1266\" src=\"https:\/\/passalacqua.is\/wp-content\/uploads\/2021\/04\/ragno_miscela-62_en-300x207.png\" alt=\"\" width=\"503\" height=\"347\" srcset=\"https:\/\/passalacqua.is\/wp-content\/uploads\/2021\/04\/ragno_miscela-62_en-300x207.png 300w, https:\/\/passalacqua.is\/wp-content\/uploads\/2021\/04\/ragno_miscela-62_en.png 501w\" sizes=\"(max-width: 503px) 100vw, 503px\" \/><\/p>\n","protected":false},"featured_media":2697,"template":"","meta":{"_crdt_document":""},"product_brand":[],"product_cat":[74],"product_tag":[],"berocket_brand":[],"class_list":{"0":"post-2696","1":"product","2":"type-product","3":"status-publish","4":"has-post-thumbnail","6":"product_cat-baunir","8":"first","9":"instock","10":"featured","11":"shipping-taxable","12":"purchasable","13":"product-type-simple"},"_links":{"self":[{"href":"https:\/\/passalacqua.is\/is\/wp-json\/wp\/v2\/product\/2696","targetHints":{"allow":["GET"]}}],"collection":[{"href":"https:\/\/passalacqua.is\/is\/wp-json\/wp\/v2\/product"}],"about":[{"href":"https:\/\/passalacqua.is\/is\/wp-json\/wp\/v2\/types\/product"}],"wp:featuredmedia":[{"embeddable":true,"href":"https:\/\/passalacqua.is\/is\/wp-json\/wp\/v2\/media\/2697"}],"wp:attachment":[{"href":"https:\/\/passalacqua.is\/is\/wp-json\/wp\/v2\/media?parent=2696"}],"wp:term":[{"taxonomy":"product_brand","embeddable":true,"href":"https:\/\/passalacqua.is\/is\/wp-json\/wp\/v2\/product_brand?post=2696"},{"taxonomy":"product_cat","embeddable":true,"href":"https:\/\/passalacqua.is\/is\/wp-json\/wp\/v2\/product_cat?post=2696"},{"taxonomy":"product_tag","embeddable":true,"href":"https:\/\/passalacqua.is\/is\/wp-json\/wp\/v2\/product_tag?post=2696"},{"taxonomy":"berocket_brand","embeddable":true,"href":"https:\/\/passalacqua.is\/is\/wp-json\/wp\/v2\/berocket_brand?post=2696"}],"curies":[{"name":"wp","href":"https:\/\/api.w.org\/{rel}","templated":true}]}}