{"id":2944,"date":"2021-04-10T17:44:07","date_gmt":"2021-04-10T17:44:07","guid":{"rendered":"https:\/\/passalacqua.is\/product\/black-vulcan\/"},"modified":"2022-12-10T19:35:35","modified_gmt":"2022-12-10T19:35:35","slug":"black-vulcan","status":"publish","type":"product","link":"https:\/\/passalacqua.is\/is\/shop\/baunir\/black-vulcan\/","title":{"rendered":"Black Vulcan baunir 500g"},"content":{"rendered":"<p>Black Vulcan er kaffiblanda fyrir \u00fe\u00e1 sem elska sterkt og fr\u00e1b\u00e6rt kaffi.<\/p>\n<p>Me\u00f0 g\u00f3\u00f0u Arabica kaffi og vel v\u00f6ldu Robusta kaffi er Black Vulcan blanda sem tryggir h\u00e1g\u00e6\u00f0a espresso fyrir bari og veitingah\u00fas. \u00dea\u00f0 er ekki s\u00edst a\u00f0 \u00feakka sterkum ilminum sem h\u00e6gt er a\u00f0 l\u00edkja vi\u00f0 ferskan kak\u00f3- og t\u00f3baksilm, brag\u00f0i\u00f0 er \u00fe\u00e9tt og sterkt me\u00f0 brei\u00f0a brag\u00f0eiginleika.<\/p>\n<p>Eins og allar Passalacqua kaffibl\u00f6ndur gefur Black Vulcan alltaf gott eftirbrag\u00f0 og \u00e1hrif sem endast. Flekklaus blanda \u00ed gl\u00e6n\u00fdjum 500g baunapoka fyrir alla a\u00f0 nj\u00f3ta virkilega &#8222;g\u00f3\u00f0s kaffis&#8220;.<\/p>\n<p>&nbsp;<\/p>\n","protected":false},"excerpt":{"rendered":"<p>Black Vulcan baunir 500g<\/p>\n<p>3 baunategundir<\/p>\n<p>30% arabica<\/p>\n<hr \/>\n<p><img fetchpriority=\"high\" decoding=\"async\" class=\"wp-image-1263 alignnone\" src=\"https:\/\/passalacqua.is\/wp-content\/uploads\/2021\/04\/ragno_miscela-63_en.png\" alt=\"\" width=\"504\" height=\"342\" srcset=\"https:\/\/passalacqua.is\/wp-content\/uploads\/2021\/04\/ragno_miscela-63_en.png 502w, https:\/\/passalacqua.is\/wp-content\/uploads\/2021\/04\/ragno_miscela-63_en-300x203.png 300w\" sizes=\"(max-width: 504px) 100vw, 504px\" \/><\/p>\n","protected":false},"featured_media":2912,"template":"","meta":{"_crdt_document":""},"product_brand":[],"product_cat":[74],"product_tag":[],"berocket_brand":[],"class_list":{"0":"post-2944","1":"product","2":"type-product","3":"status-publish","4":"has-post-thumbnail","6":"product_cat-baunir","8":"first","9":"instock","10":"featured","11":"shipping-taxable","12":"purchasable","13":"product-type-simple"},"_links":{"self":[{"href":"https:\/\/passalacqua.is\/is\/wp-json\/wp\/v2\/product\/2944","targetHints":{"allow":["GET"]}}],"collection":[{"href":"https:\/\/passalacqua.is\/is\/wp-json\/wp\/v2\/product"}],"about":[{"href":"https:\/\/passalacqua.is\/is\/wp-json\/wp\/v2\/types\/product"}],"wp:featuredmedia":[{"embeddable":true,"href":"https:\/\/passalacqua.is\/is\/wp-json\/wp\/v2\/media\/2912"}],"wp:attachment":[{"href":"https:\/\/passalacqua.is\/is\/wp-json\/wp\/v2\/media?parent=2944"}],"wp:term":[{"taxonomy":"product_brand","embeddable":true,"href":"https:\/\/passalacqua.is\/is\/wp-json\/wp\/v2\/product_brand?post=2944"},{"taxonomy":"product_cat","embeddable":true,"href":"https:\/\/passalacqua.is\/is\/wp-json\/wp\/v2\/product_cat?post=2944"},{"taxonomy":"product_tag","embeddable":true,"href":"https:\/\/passalacqua.is\/is\/wp-json\/wp\/v2\/product_tag?post=2944"},{"taxonomy":"berocket_brand","embeddable":true,"href":"https:\/\/passalacqua.is\/is\/wp-json\/wp\/v2\/berocket_brand?post=2944"}],"curies":[{"name":"wp","href":"https:\/\/api.w.org\/{rel}","templated":true}]}}