{"id":2945,"date":"2021-04-07T00:21:52","date_gmt":"2021-04-07T00:21:52","guid":{"rendered":"https:\/\/passalacqua.is\/product\/cremador-expresso-malad-250g\/"},"modified":"2022-12-10T19:46:32","modified_gmt":"2022-12-10T19:46:32","slug":"cremador-expresso-malad-250g","status":"publish","type":"product","link":"https:\/\/passalacqua.is\/is\/shop\/malad-kaffi\/cremador-expresso-malad-250g\/","title":{"rendered":"Cremador Expresso mala\u00f0 250g"},"content":{"rendered":"<p><strong>Cremador E er Passalacqua kaffi blanda sem inniheldur kaffi fr\u00e1 fimm bestu r\u00e6ktunarl\u00f6ndum heims, sem gefur okkur \u00f3m\u00f3tst\u00e6\u00f0ilegan espresso kaffiilm og fullkomi\u00f0 jafnv\u00e6gi \u00ed brag\u00f0i, fyrir heimili\u00f0 e\u00f0a kaffih\u00fasi\u00f0.<\/strong><\/p>\n<p>Cremador E blandan gefur \u00f3tr\u00falegt jafnv\u00e6gi \u00ed brag\u00f0eiginleikum \u00fev\u00ed \u00fea\u00f0 er \u00fatkoman af g\u00f3\u00f0ri bl\u00f6ndu Arabica og Robusta fr\u00e1 bestu kaffi r\u00e6ktendum heims. Gefur okkur algj\u00f6ra h\u00e1g\u00e6\u00f0a bl\u00f6ndu, \u00fear sem vi\u00f0 f\u00e1um bestu eiginleika beggja tegunda.<\/p>\n<p>Me\u00f0 Cremador E er ilmur, brag\u00f0 og fylling sameinu\u00f0 \u00ed fullkomnu jafnv\u00e6gi. Me\u00f0 \u00fev\u00ed a\u00f0 blanda saman 68% g\u00e6\u00f0a Arabica, sem gefur s\u00e6tt \u201cvelvety\u201d brag\u00f0 og einstakan ilm, og 32% af s\u00e9rv\u00f6ldu Robusta, erum vi\u00f0 a\u00f0 b\u00faa til s\u00e9rstakan \u00fe\u00e9ttleika og krema\u00f0 kaffi fyrir \u00fe\u00e1 sem \u00e6tlast til a\u00f0 geta fengi\u00f0 alv\u00f6ru espresso jafnvel heima hj\u00e1 s\u00e9r.<\/p>\n<p>Eins og allar Passalacqua kaffi bl\u00f6ndur, \u00fe\u00f6kk s\u00e9 vel v\u00f6ldum upprunast\u00f6\u00f0um og p\u00f6kkunar a\u00f0fer\u00f0um sem halda \u00f6llum \u201corganoleptic\u201d og fr\u00e1b\u00e6rum brag\u00f0eiginleikum, gefur Cremador E \u00feetta geggja\u00f0a kaffi eftirbrag\u00f0 sem skilur eftir s\u00e9rstaka og lj\u00faffenga kaffiminningu \u00e1 brag\u00f0laukunum sem bara h\u00e1g\u00e6\u00f0a kaffi gerir.<\/p>\n","protected":false},"excerpt":{"rendered":"<p>Cremador E 250g<\/p>\n<p>5 baunategundir<\/p>\n<p>70% arabica<\/p>\n<hr \/>\n<p>&nbsp;<\/p>\n<p><img fetchpriority=\"high\" decoding=\"async\" class=\"alignnone wp-image-1213\" src=\"https:\/\/passalacqua.is\/wp-content\/uploads\/2021\/04\/ragno_miscela-34_en-300x225.png\" alt=\"\" width=\"454\" height=\"341\" srcset=\"https:\/\/passalacqua.is\/wp-content\/uploads\/2021\/04\/ragno_miscela-34_en-300x225.png 300w, https:\/\/passalacqua.is\/wp-content\/uploads\/2021\/04\/ragno_miscela-34_en-600x450.png 600w, https:\/\/passalacqua.is\/wp-content\/uploads\/2021\/04\/ragno_miscela-34_en-768x576.png 768w, https:\/\/passalacqua.is\/wp-content\/uploads\/2021\/04\/ragno_miscela-34_en.png 900w\" sizes=\"(max-width: 454px) 100vw, 454px\" \/><\/p>\n","protected":false},"featured_media":1212,"template":"","meta":{"_crdt_document":""},"product_brand":[],"product_cat":[78],"product_tag":[],"berocket_brand":[],"class_list":{"0":"post-2945","1":"product","2":"type-product","3":"status-publish","4":"has-post-thumbnail","6":"product_cat-malad-kaffi","8":"first","9":"outofstock","10":"shipping-taxable","11":"purchasable","12":"product-type-simple"},"_links":{"self":[{"href":"https:\/\/passalacqua.is\/is\/wp-json\/wp\/v2\/product\/2945","targetHints":{"allow":["GET"]}}],"collection":[{"href":"https:\/\/passalacqua.is\/is\/wp-json\/wp\/v2\/product"}],"about":[{"href":"https:\/\/passalacqua.is\/is\/wp-json\/wp\/v2\/types\/product"}],"wp:featuredmedia":[{"embeddable":true,"href":"https:\/\/passalacqua.is\/is\/wp-json\/wp\/v2\/media\/1212"}],"wp:attachment":[{"href":"https:\/\/passalacqua.is\/is\/wp-json\/wp\/v2\/media?parent=2945"}],"wp:term":[{"taxonomy":"product_brand","embeddable":true,"href":"https:\/\/passalacqua.is\/is\/wp-json\/wp\/v2\/product_brand?post=2945"},{"taxonomy":"product_cat","embeddable":true,"href":"https:\/\/passalacqua.is\/is\/wp-json\/wp\/v2\/product_cat?post=2945"},{"taxonomy":"product_tag","embeddable":true,"href":"https:\/\/passalacqua.is\/is\/wp-json\/wp\/v2\/product_tag?post=2945"},{"taxonomy":"berocket_brand","embeddable":true,"href":"https:\/\/passalacqua.is\/is\/wp-json\/wp\/v2\/berocket_brand?post=2945"}],"curies":[{"name":"wp","href":"https:\/\/api.w.org\/{rel}","templated":true}]}}