{"id":3072,"date":"2021-04-07T00:26:16","date_gmt":"2021-04-07T00:26:16","guid":{"rendered":"https:\/\/passalacqua.is\/shop\/uncategorized\/deup-4\/"},"modified":"2022-12-10T19:32:31","modified_gmt":"2022-12-10T19:32:31","slug":"deup-4","status":"publish","type":"product","link":"https:\/\/passalacqua.is\/is\/shop\/baunir\/deup-4\/","title":{"rendered":"Deup espresso baunir 500g"},"content":{"rendered":"<p><em>Alveg einst\u00f6k blanda \u00fear sem 10 tegundum af ilmandi og einst\u00f6kum kaffibaunum er blanda\u00f0 saman. Kaffi sem n\u00e6r a\u00f0 sporna vi\u00f0 \u00e1hrifunum sem ver\u00f0a \u00ed framlei\u00f0slunni \u00feegar koff\u00edn er teki\u00f0 \u00far kaffi en halda samt brag\u00f0inu.<\/em><\/p>\n<p>Sterkir brag\u00f0eiginleikar Deup tryggja \u00e1n\u00e6gjulegan koff\u00ednlausan\u00a0 kaffibolla oft \u00e1 dag.<\/p>\n","protected":false},"excerpt":{"rendered":"<p>Deup baunir 500g<\/p>\n<p>10 baunategundir<\/p>\n<p>80% arabica<\/p>\n<hr \/>\n<p>:<\/p>\n<p><img fetchpriority=\"high\" decoding=\"async\" class=\"alignnone wp-image-1216\" src=\"https:\/\/passalacqua.is\/wp-content\/uploads\/2021\/04\/ragno_miscela-24_en-300x225.png\" alt=\"\" width=\"398\" height=\"299\" srcset=\"https:\/\/passalacqua.is\/wp-content\/uploads\/2021\/04\/ragno_miscela-24_en-300x225.png 300w, https:\/\/passalacqua.is\/wp-content\/uploads\/2021\/04\/ragno_miscela-24_en-600x450.png 600w, https:\/\/passalacqua.is\/wp-content\/uploads\/2021\/04\/ragno_miscela-24_en-768x576.png 768w, https:\/\/passalacqua.is\/wp-content\/uploads\/2021\/04\/ragno_miscela-24_en.png 900w\" sizes=\"(max-width: 398px) 100vw, 398px\" \/><\/p>\n","protected":false},"featured_media":1215,"template":"","meta":{"_crdt_document":""},"product_brand":[],"product_cat":[74,75],"product_tag":[],"berocket_brand":[],"class_list":{"0":"post-3072","1":"product","2":"type-product","3":"status-publish","4":"has-post-thumbnail","6":"product_cat-baunir","7":"product_cat-koffinlaust","9":"first","10":"instock","11":"shipping-taxable","12":"purchasable","13":"product-type-simple"},"_links":{"self":[{"href":"https:\/\/passalacqua.is\/is\/wp-json\/wp\/v2\/product\/3072","targetHints":{"allow":["GET"]}}],"collection":[{"href":"https:\/\/passalacqua.is\/is\/wp-json\/wp\/v2\/product"}],"about":[{"href":"https:\/\/passalacqua.is\/is\/wp-json\/wp\/v2\/types\/product"}],"wp:featuredmedia":[{"embeddable":true,"href":"https:\/\/passalacqua.is\/is\/wp-json\/wp\/v2\/media\/1215"}],"wp:attachment":[{"href":"https:\/\/passalacqua.is\/is\/wp-json\/wp\/v2\/media?parent=3072"}],"wp:term":[{"taxonomy":"product_brand","embeddable":true,"href":"https:\/\/passalacqua.is\/is\/wp-json\/wp\/v2\/product_brand?post=3072"},{"taxonomy":"product_cat","embeddable":true,"href":"https:\/\/passalacqua.is\/is\/wp-json\/wp\/v2\/product_cat?post=3072"},{"taxonomy":"product_tag","embeddable":true,"href":"https:\/\/passalacqua.is\/is\/wp-json\/wp\/v2\/product_tag?post=3072"},{"taxonomy":"berocket_brand","embeddable":true,"href":"https:\/\/passalacqua.is\/is\/wp-json\/wp\/v2\/berocket_brand?post=3072"}],"curies":[{"name":"wp","href":"https:\/\/api.w.org\/{rel}","templated":true}]}}