{"id":3083,"date":"2021-04-13T22:42:54","date_gmt":"2021-04-13T22:42:54","guid":{"rendered":"https:\/\/passalacqua.is\/shop\/uncategorized\/mehari-3\/"},"modified":"2022-12-10T20:35:40","modified_gmt":"2022-12-10T20:35:40","slug":"mehari-3","status":"publish","type":"product","link":"https:\/\/passalacqua.is\/is\/shop\/baunir\/mehari-3\/","title":{"rendered":"Mehari baunir 1kg:"},"content":{"rendered":"<p><strong>Mehari er Passalacqua kaffiblanda me\u00f0 \u00f3m\u00f3tst\u00e6\u00f0ilegt jafnv\u00e6gi af brag\u00f0eiginleikum. Pakka\u00f0ar baunir fyrir espressobarinn e\u00f0a til a\u00f0 nj\u00f3ta g\u00f3\u00f0rar fyllingar heima fyrir.<\/strong><\/p>\n<p>Framandi nafn fyrir magna\u00f0 brag\u00f0, styrk og fyllingu \u00ed bollann. \u00cd s\u00ednu fullkomna jafnv\u00e6gi er \u00feessi blanda <strong>ein vins\u00e6lasta<\/strong> b\u00e6\u00f0i fyrir kaffih\u00fasi\u00f0 og heimili\u00f0.<\/p>\n","protected":false},"excerpt":{"rendered":"<p>Mehari baunir 1kg:<\/p>\n<p>4 baunategundir<\/p>\n<p>55% arabica<\/p>\n<hr \/>\n<p><img fetchpriority=\"high\" decoding=\"async\" class=\"alignnone wp-image-1647\" src=\"https:\/\/passalacqua.is\/wp-content\/uploads\/2021\/04\/ragno_miscela-32_en-1-300x225.png\" alt=\"\" width=\"360\" height=\"270\" srcset=\"https:\/\/passalacqua.is\/wp-content\/uploads\/2021\/04\/ragno_miscela-32_en-1-300x225.png 300w, https:\/\/passalacqua.is\/wp-content\/uploads\/2021\/04\/ragno_miscela-32_en-1-600x450.png 600w, https:\/\/passalacqua.is\/wp-content\/uploads\/2021\/04\/ragno_miscela-32_en-1-768x576.png 768w, https:\/\/passalacqua.is\/wp-content\/uploads\/2021\/04\/ragno_miscela-32_en-1.png 900w\" sizes=\"(max-width: 360px) 100vw, 360px\" \/><\/p>\n","protected":false},"featured_media":1646,"template":"","meta":{"_crdt_document":""},"product_brand":[],"product_cat":[74],"product_tag":[],"berocket_brand":[],"class_list":{"0":"post-3083","1":"product","2":"type-product","3":"status-publish","4":"has-post-thumbnail","6":"product_cat-baunir","8":"first","9":"instock","10":"shipping-taxable","11":"purchasable","12":"product-type-simple"},"_links":{"self":[{"href":"https:\/\/passalacqua.is\/is\/wp-json\/wp\/v2\/product\/3083","targetHints":{"allow":["GET"]}}],"collection":[{"href":"https:\/\/passalacqua.is\/is\/wp-json\/wp\/v2\/product"}],"about":[{"href":"https:\/\/passalacqua.is\/is\/wp-json\/wp\/v2\/types\/product"}],"wp:featuredmedia":[{"embeddable":true,"href":"https:\/\/passalacqua.is\/is\/wp-json\/wp\/v2\/media\/1646"}],"wp:attachment":[{"href":"https:\/\/passalacqua.is\/is\/wp-json\/wp\/v2\/media?parent=3083"}],"wp:term":[{"taxonomy":"product_brand","embeddable":true,"href":"https:\/\/passalacqua.is\/is\/wp-json\/wp\/v2\/product_brand?post=3083"},{"taxonomy":"product_cat","embeddable":true,"href":"https:\/\/passalacqua.is\/is\/wp-json\/wp\/v2\/product_cat?post=3083"},{"taxonomy":"product_tag","embeddable":true,"href":"https:\/\/passalacqua.is\/is\/wp-json\/wp\/v2\/product_tag?post=3083"},{"taxonomy":"berocket_brand","embeddable":true,"href":"https:\/\/passalacqua.is\/is\/wp-json\/wp\/v2\/berocket_brand?post=3083"}],"curies":[{"name":"wp","href":"https:\/\/api.w.org\/{rel}","templated":true}]}}