{"id":3084,"date":"2021-04-13T22:37:30","date_gmt":"2021-04-13T22:37:30","guid":{"rendered":"https:\/\/passalacqua.is\/shop\/uncategorized\/vesuvio\/"},"modified":"2022-12-10T20:58:56","modified_gmt":"2022-12-10T20:58:56","slug":"vesuvio","status":"publish","type":"product","link":"https:\/\/passalacqua.is\/is\/shop\/baunir\/vesuvio\/","title":{"rendered":"Vesuvio baunir 1kg"},"content":{"rendered":"<p><b><span style=\"font-size: 13.5pt; font-family: Poppins; color: #937d2e;\">Toppurinn \u00e1 Nap\u00f3l\u00edskum kaffiilmi og fyllingu hugsa\u00f0 fyrir kaffibarinn. Ves\u00fav\u00edus er blanda af Passalacqua kaffi fyrir \u00fe\u00e1 sem aldrei ver\u00f0a lei\u00f0ir \u00e1 Nap\u00f3l\u00edsku espresso.<\/span><\/b><\/p>\n<p>Me\u00f0 5 kaffibaunategundum er Ves\u00fav\u00edus ein \u00e1kj\u00f3sanlegasta blandan \u00far v\u00f6rulista Passalacqua tileinku\u00f0 b\u00f6rum og veitingast\u00f6\u00f0um. \u00de\u00f6kk s\u00e9 fullkominni bl\u00f6ndu af bestu Arabica og bestu Robusta kaffiafbrig\u00f0unum, \u00fe\u00e1 n\u00e6r Ves\u00fav\u00edus fullkomnu jafnv\u00e6gi \u00ed bollanum me\u00f0 miklum ilmi, fullkominni fyllingu, langvarandi brag\u00f0i og d\u00e6miger\u00f0um nap\u00f3l\u00edskum kaffirj\u00f3ma.<\/p>\n","protected":false},"excerpt":{"rendered":"<p>Vesuvio baunir 1kg<\/p>\n<p>5 baunategundir<\/p>\n<p>55% arabica<\/p>\n<p>&nbsp;<\/p>\n<p><img fetchpriority=\"high\" decoding=\"async\" class=\"alignnone wp-image-1640\" src=\"https:\/\/passalacqua.is\/wp-content\/uploads\/2021\/04\/ragno_miscela-35_en-300x225.png\" alt=\"\" width=\"388\" height=\"291\" srcset=\"https:\/\/passalacqua.is\/wp-content\/uploads\/2021\/04\/ragno_miscela-35_en-300x225.png 300w, https:\/\/passalacqua.is\/wp-content\/uploads\/2021\/04\/ragno_miscela-35_en-600x450.png 600w, https:\/\/passalacqua.is\/wp-content\/uploads\/2021\/04\/ragno_miscela-35_en-768x576.png 768w, https:\/\/passalacqua.is\/wp-content\/uploads\/2021\/04\/ragno_miscela-35_en.png 900w\" sizes=\"(max-width: 388px) 100vw, 388px\" \/><\/p>\n","protected":false},"featured_media":1641,"template":"","meta":{"_crdt_document":""},"product_brand":[],"product_cat":[74],"product_tag":[],"berocket_brand":[],"class_list":{"0":"post-3084","1":"product","2":"type-product","3":"status-publish","4":"has-post-thumbnail","6":"product_cat-baunir","8":"first","9":"instock","10":"featured","11":"shipping-taxable","12":"purchasable","13":"product-type-simple"},"_links":{"self":[{"href":"https:\/\/passalacqua.is\/is\/wp-json\/wp\/v2\/product\/3084","targetHints":{"allow":["GET"]}}],"collection":[{"href":"https:\/\/passalacqua.is\/is\/wp-json\/wp\/v2\/product"}],"about":[{"href":"https:\/\/passalacqua.is\/is\/wp-json\/wp\/v2\/types\/product"}],"wp:featuredmedia":[{"embeddable":true,"href":"https:\/\/passalacqua.is\/is\/wp-json\/wp\/v2\/media\/1641"}],"wp:attachment":[{"href":"https:\/\/passalacqua.is\/is\/wp-json\/wp\/v2\/media?parent=3084"}],"wp:term":[{"taxonomy":"product_brand","embeddable":true,"href":"https:\/\/passalacqua.is\/is\/wp-json\/wp\/v2\/product_brand?post=3084"},{"taxonomy":"product_cat","embeddable":true,"href":"https:\/\/passalacqua.is\/is\/wp-json\/wp\/v2\/product_cat?post=3084"},{"taxonomy":"product_tag","embeddable":true,"href":"https:\/\/passalacqua.is\/is\/wp-json\/wp\/v2\/product_tag?post=3084"},{"taxonomy":"berocket_brand","embeddable":true,"href":"https:\/\/passalacqua.is\/is\/wp-json\/wp\/v2\/berocket_brand?post=3084"}],"curies":[{"name":"wp","href":"https:\/\/api.w.org\/{rel}","templated":true}]}}