{"id":3086,"date":"2021-04-13T22:26:32","date_gmt":"2021-04-13T22:26:32","guid":{"rendered":"https:\/\/passalacqua.is\/shop\/uncategorized\/miscela-napoli\/"},"modified":"2022-12-10T20:54:59","modified_gmt":"2022-12-10T20:54:59","slug":"miscela-napoli","status":"publish","type":"product","link":"https:\/\/passalacqua.is\/is\/shop\/baunir\/miscela-napoli\/","title":{"rendered":"Miscela Napoli baunir 1kg"},"content":{"rendered":"<p><strong>Napoli blandan er h\u00f6nnu\u00f0 s\u00e9rstaklega fyrir espresso v\u00e9lar, algj\u00f6rt topp kaffi me\u00f0 fyllingu og ilm fr\u00e1 bestu Arabica baunum \u00e1 marka\u00f0num.<\/strong><\/p>\n<p>\u00deessi blanda er til a\u00f0 \u00fe\u00f3knast brag\u00f0laukum vi\u00f0skiptavina alls sta\u00f0ar a\u00f0, ekki bara fr\u00e1 Napoli. Fyrir \u00fe\u00e1 sem vilja s\u00e6tt og gott Napol\u00edskt brag\u00f0 me\u00f0 g\u00f3\u00f0ri fyllingu.<\/p>\n<p>&nbsp;<\/p>\n","protected":false},"excerpt":{"rendered":"<p>Miscela Napoli baunir 1kg<\/p>\n<p>10 baunategundir<\/p>\n<p>80%arabica<\/p>\n<hr \/>\n<p><img fetchpriority=\"high\" decoding=\"async\" class=\"alignnone wp-image-1631\" src=\"https:\/\/passalacqua.is\/wp-content\/uploads\/2021\/04\/ragno_miscela-28_en-300x225.png\" alt=\"\" width=\"385\" height=\"289\" srcset=\"https:\/\/passalacqua.is\/wp-content\/uploads\/2021\/04\/ragno_miscela-28_en-300x225.png 300w, https:\/\/passalacqua.is\/wp-content\/uploads\/2021\/04\/ragno_miscela-28_en-600x450.png 600w, https:\/\/passalacqua.is\/wp-content\/uploads\/2021\/04\/ragno_miscela-28_en-768x576.png 768w, https:\/\/passalacqua.is\/wp-content\/uploads\/2021\/04\/ragno_miscela-28_en.png 900w\" sizes=\"(max-width: 385px) 100vw, 385px\" \/><\/p>\n","protected":false},"featured_media":1632,"template":"","meta":{"_crdt_document":""},"product_brand":[],"product_cat":[74],"product_tag":[],"berocket_brand":[],"class_list":{"0":"post-3086","1":"product","2":"type-product","3":"status-publish","4":"has-post-thumbnail","6":"product_cat-baunir","8":"first","9":"instock","10":"shipping-taxable","11":"purchasable","12":"product-type-simple"},"_links":{"self":[{"href":"https:\/\/passalacqua.is\/is\/wp-json\/wp\/v2\/product\/3086","targetHints":{"allow":["GET"]}}],"collection":[{"href":"https:\/\/passalacqua.is\/is\/wp-json\/wp\/v2\/product"}],"about":[{"href":"https:\/\/passalacqua.is\/is\/wp-json\/wp\/v2\/types\/product"}],"wp:featuredmedia":[{"embeddable":true,"href":"https:\/\/passalacqua.is\/is\/wp-json\/wp\/v2\/media\/1632"}],"wp:attachment":[{"href":"https:\/\/passalacqua.is\/is\/wp-json\/wp\/v2\/media?parent=3086"}],"wp:term":[{"taxonomy":"product_brand","embeddable":true,"href":"https:\/\/passalacqua.is\/is\/wp-json\/wp\/v2\/product_brand?post=3086"},{"taxonomy":"product_cat","embeddable":true,"href":"https:\/\/passalacqua.is\/is\/wp-json\/wp\/v2\/product_cat?post=3086"},{"taxonomy":"product_tag","embeddable":true,"href":"https:\/\/passalacqua.is\/is\/wp-json\/wp\/v2\/product_tag?post=3086"},{"taxonomy":"berocket_brand","embeddable":true,"href":"https:\/\/passalacqua.is\/is\/wp-json\/wp\/v2\/berocket_brand?post=3086"}],"curies":[{"name":"wp","href":"https:\/\/api.w.org\/{rel}","templated":true}]}}