{"id":3087,"date":"2021-04-13T22:21:44","date_gmt":"2021-04-13T22:21:44","guid":{"rendered":"https:\/\/passalacqua.is\/shop\/uncategorized\/moana-3\/"},"modified":"2021-04-13T22:21:44","modified_gmt":"2021-04-13T22:21:44","slug":"moana-3","status":"publish","type":"product","link":"https:\/\/passalacqua.is\/is\/shop\/baunir\/moana-3\/","title":{"rendered":"Moana baunir 1 kg"},"content":{"rendered":"<p><strong>Moana er ein vins\u00e6lasta blandan af Passalacqua kaffi me\u00f0 einstakan ilm og brag\u00f0 \u00e6tla\u00f0 b\u00e6\u00f0i fyrir heimili\u00f0 og kaffih\u00fasi\u00f0.<\/strong><\/p>\n<p>Moana er geysi vins\u00e6lt, s\u00e9rstaklega hj\u00e1 kaffig\u00e6\u00f0ingum sem kunna a\u00f0 meta g\u00f3\u00f0an kaffiilm. Moana hefur gott jafnv\u00e6gi milli s\u00e6tleika og brag\u00f0endingar sem gefur brag\u00f0laukunum keim af karamellu, m\u00f6ndlu og hunangi. \u00dea\u00f0 \u00fearf ekki a\u00f0 koma \u00e1 \u00f3vart a\u00f0 \u00feetta er ein vins\u00e6lasta blandan.<\/p>\n","protected":false},"excerpt":{"rendered":"<p>Moana baunir 1 kg<\/p>\n<p>8 baunategundir<\/p>\n<p>100% arabica<\/p>\n<hr \/>\n<p><img fetchpriority=\"high\" decoding=\"async\" class=\"alignnone wp-image-1628\" src=\"https:\/\/passalacqua.is\/wp-content\/uploads\/2021\/04\/ragno_miscela-27_en-1-300x225.png\" alt=\"\" width=\"341\" height=\"256\" srcset=\"https:\/\/passalacqua.is\/wp-content\/uploads\/2021\/04\/ragno_miscela-27_en-1-300x225.png 300w, https:\/\/passalacqua.is\/wp-content\/uploads\/2021\/04\/ragno_miscela-27_en-1-600x450.png 600w, https:\/\/passalacqua.is\/wp-content\/uploads\/2021\/04\/ragno_miscela-27_en-1-768x576.png 768w, https:\/\/passalacqua.is\/wp-content\/uploads\/2021\/04\/ragno_miscela-27_en-1.png 900w\" sizes=\"(max-width: 341px) 100vw, 341px\" \/><\/p>\n","protected":false},"featured_media":1629,"template":"","meta":{"_crdt_document":""},"product_brand":[],"product_cat":[74],"product_tag":[],"berocket_brand":[],"class_list":{"0":"post-3087","1":"product","2":"type-product","3":"status-publish","4":"has-post-thumbnail","6":"product_cat-baunir","8":"first","9":"instock","10":"shipping-taxable","11":"purchasable","12":"product-type-simple"},"_links":{"self":[{"href":"https:\/\/passalacqua.is\/is\/wp-json\/wp\/v2\/product\/3087","targetHints":{"allow":["GET"]}}],"collection":[{"href":"https:\/\/passalacqua.is\/is\/wp-json\/wp\/v2\/product"}],"about":[{"href":"https:\/\/passalacqua.is\/is\/wp-json\/wp\/v2\/types\/product"}],"wp:featuredmedia":[{"embeddable":true,"href":"https:\/\/passalacqua.is\/is\/wp-json\/wp\/v2\/media\/1629"}],"wp:attachment":[{"href":"https:\/\/passalacqua.is\/is\/wp-json\/wp\/v2\/media?parent=3087"}],"wp:term":[{"taxonomy":"product_brand","embeddable":true,"href":"https:\/\/passalacqua.is\/is\/wp-json\/wp\/v2\/product_brand?post=3087"},{"taxonomy":"product_cat","embeddable":true,"href":"https:\/\/passalacqua.is\/is\/wp-json\/wp\/v2\/product_cat?post=3087"},{"taxonomy":"product_tag","embeddable":true,"href":"https:\/\/passalacqua.is\/is\/wp-json\/wp\/v2\/product_tag?post=3087"},{"taxonomy":"berocket_brand","embeddable":true,"href":"https:\/\/passalacqua.is\/is\/wp-json\/wp\/v2\/berocket_brand?post=3087"}],"curies":[{"name":"wp","href":"https:\/\/api.w.org\/{rel}","templated":true}]}}