{"id":3091,"date":"2021-04-08T17:27:27","date_gmt":"2021-04-08T17:27:27","guid":{"rendered":"https:\/\/passalacqua.is\/shop\/uncategorized\/mexico\/"},"modified":"2022-12-10T20:53:02","modified_gmt":"2022-12-10T20:53:02","slug":"mexico","status":"publish","type":"product","link":"https:\/\/passalacqua.is\/is\/shop\/malad-kaffi\/mexico\/","title":{"rendered":"Mexico mala\u00f0 kaffi 250g"},"content":{"rendered":"<p><strong>S\u00e9rst\u00f6k blanda me\u00f0 sumum af bestu Arabica kaffitegundum \u00ed heiminum og sannarlega ein besta Passalacqua blandan.<\/strong><\/p>\n<p>B\u00e6\u00f0i \u00e1 kaffih\u00fasinu og heima fyrir, kaffi me\u00f0 Mexico bl\u00f6ndunni fulln\u00e6gir brag\u00f0laukum flestra. \u00deessi 100% Arabica blanda hefur einstakan ilm og \u00f3v\u00e6ntan s\u00e6tleika. <strong>Ferskur \u00e1vaxtakeimur, me\u00f0 snerti af karamellu, heslihnetu og s\u00fakkula\u00f0i<\/strong> gefur s\u00e6tt og sterkt brag\u00f0.<\/p>\n","protected":false},"excerpt":{"rendered":"<p>Mexico mala\u00f0 kaffi 250g<\/p>\n<p>8 baunategundir<\/p>\n<p>100% arabica<\/p>\n<hr \/>\n<p><img fetchpriority=\"high\" decoding=\"async\" class=\"alignnone wp-image-1249\" src=\"https:\/\/passalacqua.is\/wp-content\/uploads\/2021\/04\/ragno_miscela-37_en-300x225.png\" alt=\"\" width=\"360\" height=\"270\" srcset=\"https:\/\/passalacqua.is\/wp-content\/uploads\/2021\/04\/ragno_miscela-37_en-300x225.png 300w, https:\/\/passalacqua.is\/wp-content\/uploads\/2021\/04\/ragno_miscela-37_en-600x450.png 600w, https:\/\/passalacqua.is\/wp-content\/uploads\/2021\/04\/ragno_miscela-37_en-768x576.png 768w, https:\/\/passalacqua.is\/wp-content\/uploads\/2021\/04\/ragno_miscela-37_en.png 900w\" sizes=\"(max-width: 360px) 100vw, 360px\" \/><\/p>\n","protected":false},"featured_media":1248,"template":"","meta":{"_crdt_document":""},"product_brand":[],"product_cat":[78],"product_tag":[],"berocket_brand":[],"class_list":{"0":"post-3091","1":"product","2":"type-product","3":"status-publish","4":"has-post-thumbnail","6":"product_cat-malad-kaffi","8":"first","9":"instock","10":"shipping-taxable","11":"purchasable","12":"product-type-simple"},"_links":{"self":[{"href":"https:\/\/passalacqua.is\/is\/wp-json\/wp\/v2\/product\/3091","targetHints":{"allow":["GET"]}}],"collection":[{"href":"https:\/\/passalacqua.is\/is\/wp-json\/wp\/v2\/product"}],"about":[{"href":"https:\/\/passalacqua.is\/is\/wp-json\/wp\/v2\/types\/product"}],"wp:featuredmedia":[{"embeddable":true,"href":"https:\/\/passalacqua.is\/is\/wp-json\/wp\/v2\/media\/1248"}],"wp:attachment":[{"href":"https:\/\/passalacqua.is\/is\/wp-json\/wp\/v2\/media?parent=3091"}],"wp:term":[{"taxonomy":"product_brand","embeddable":true,"href":"https:\/\/passalacqua.is\/is\/wp-json\/wp\/v2\/product_brand?post=3091"},{"taxonomy":"product_cat","embeddable":true,"href":"https:\/\/passalacqua.is\/is\/wp-json\/wp\/v2\/product_cat?post=3091"},{"taxonomy":"product_tag","embeddable":true,"href":"https:\/\/passalacqua.is\/is\/wp-json\/wp\/v2\/product_tag?post=3091"},{"taxonomy":"berocket_brand","embeddable":true,"href":"https:\/\/passalacqua.is\/is\/wp-json\/wp\/v2\/berocket_brand?post=3091"}],"curies":[{"name":"wp","href":"https:\/\/api.w.org\/{rel}","templated":true}]}}