{"id":3092,"date":"2021-04-08T17:21:05","date_gmt":"2021-04-08T17:21:05","guid":{"rendered":"https:\/\/passalacqua.is\/shop\/uncategorized\/mehari\/"},"modified":"2022-12-10T20:36:27","modified_gmt":"2022-12-10T20:36:27","slug":"mehari","status":"publish","type":"product","link":"https:\/\/passalacqua.is\/is\/shop\/malad-kaffi\/mehari\/","title":{"rendered":"Mehari mala\u00f0 kaffi 250g"},"content":{"rendered":"<p><strong>Mehari er Passalacqua kaffiblanda me\u00f0 \u00f3m\u00f3tst\u00e6\u00f0ilegt jafnv\u00e6gi af brag\u00f0eiginleikum. Pakka\u00f0ar baunir fyrir espresso barinn e\u00f0a til a\u00f0 nj\u00f3ta g\u00f3\u00f0rar fyllingar heima fyrir.<\/strong><\/p>\n<p>Framandi nafn fyrir magna\u00f0 brag\u00f0, styrk og fyllingu \u00ed bollann. \u00cd s\u00ednu fullkomna jafnv\u00e6gi er \u00feessi blanda <strong>ein vins\u00e6lasta<\/strong> b\u00e6\u00f0i fyrir kaffih\u00fasi\u00f0 og heimili\u00f0.<\/p>\n","protected":false},"excerpt":{"rendered":"<p>Mehari mala\u00f0 kaffi 250g<\/p>\n<p>4 baunategundir<\/p>\n<p>55% arabica<\/p>\n<hr \/>\n<p><img fetchpriority=\"high\" decoding=\"async\" class=\"alignnone wp-image-1244\" src=\"https:\/\/passalacqua.is\/wp-content\/uploads\/2021\/04\/ragno_miscela-32_en-300x225.png\" alt=\"\" width=\"367\" height=\"275\" srcset=\"https:\/\/passalacqua.is\/wp-content\/uploads\/2021\/04\/ragno_miscela-32_en-300x225.png 300w, https:\/\/passalacqua.is\/wp-content\/uploads\/2021\/04\/ragno_miscela-32_en-600x450.png 600w, https:\/\/passalacqua.is\/wp-content\/uploads\/2021\/04\/ragno_miscela-32_en-768x576.png 768w, https:\/\/passalacqua.is\/wp-content\/uploads\/2021\/04\/ragno_miscela-32_en.png 900w\" sizes=\"(max-width: 367px) 100vw, 367px\" \/><\/p>\n","protected":false},"featured_media":1243,"template":"","meta":{"_crdt_document":""},"product_brand":[],"product_cat":[78],"product_tag":[],"berocket_brand":[],"class_list":{"0":"post-3092","1":"product","2":"type-product","3":"status-publish","4":"has-post-thumbnail","6":"product_cat-malad-kaffi","8":"first","9":"outofstock","10":"shipping-taxable","11":"purchasable","12":"product-type-simple"},"_links":{"self":[{"href":"https:\/\/passalacqua.is\/is\/wp-json\/wp\/v2\/product\/3092","targetHints":{"allow":["GET"]}}],"collection":[{"href":"https:\/\/passalacqua.is\/is\/wp-json\/wp\/v2\/product"}],"about":[{"href":"https:\/\/passalacqua.is\/is\/wp-json\/wp\/v2\/types\/product"}],"wp:featuredmedia":[{"embeddable":true,"href":"https:\/\/passalacqua.is\/is\/wp-json\/wp\/v2\/media\/1243"}],"wp:attachment":[{"href":"https:\/\/passalacqua.is\/is\/wp-json\/wp\/v2\/media?parent=3092"}],"wp:term":[{"taxonomy":"product_brand","embeddable":true,"href":"https:\/\/passalacqua.is\/is\/wp-json\/wp\/v2\/product_brand?post=3092"},{"taxonomy":"product_cat","embeddable":true,"href":"https:\/\/passalacqua.is\/is\/wp-json\/wp\/v2\/product_cat?post=3092"},{"taxonomy":"product_tag","embeddable":true,"href":"https:\/\/passalacqua.is\/is\/wp-json\/wp\/v2\/product_tag?post=3092"},{"taxonomy":"berocket_brand","embeddable":true,"href":"https:\/\/passalacqua.is\/is\/wp-json\/wp\/v2\/berocket_brand?post=3092"}],"curies":[{"name":"wp","href":"https:\/\/api.w.org\/{rel}","templated":true}]}}