{"id":3093,"date":"2021-04-08T17:18:20","date_gmt":"2021-04-08T17:18:20","guid":{"rendered":"https:\/\/passalacqua.is\/shop\/uncategorized\/helca-2\/"},"modified":"2022-12-10T20:21:25","modified_gmt":"2022-12-10T20:21:25","slug":"helca-2","status":"publish","type":"product","link":"https:\/\/passalacqua.is\/is\/shop\/pudar\/helca-2\/","title":{"rendered":"Helca p\u00fa\u00f0ar 50 stk"},"content":{"rendered":"<p><strong>Helca er blanda b\u00fain til af Passalacqua tileinku\u00f0 \u00feeim sem elska krema\u00f0 kaffi me\u00f0 g\u00f3\u00f0ri fyllingu. H\u00e9r \u00ed bo\u00f0i me\u00f0 einfaldleika kaffi p\u00fa\u00f0anna.<\/strong><\/p>\n<p>Helca hefur einstaklega gott jafnv\u00e6gi milli g\u00f3\u00f0s kaffiilms og sterks brag\u00f0s, me\u00f0 \u00f3tr\u00falega g\u00f3\u00f0ri fyllingu \u00ed bollann fyrir \u00fe\u00e1 sem vilja upprunalegt brag\u00f0 af alv\u00f6ru Napol\u00ed kaffi. Fjl\u00f3tlegt og \u00fe\u00e6gilegt a\u00f0 \u00fatb\u00faa me\u00f0 einn skammt \u00ed hverjum p\u00fa\u00f0a. Passar \u00ed allar sta\u00f0la\u00f0ar\u00a0 p\u00fa\u00f0av\u00e9lar heima e\u00f0a \u00e1 skrifstofunni. Einnig f\u00e1anlegt \u00ed Nespresso st\u00f6\u00f0lu\u00f0um hylkjum.<\/p>\n","protected":false},"excerpt":{"rendered":"<p>Helca p\u00fa\u00f0ar 50 stk<\/p>\n<p>4 baunategundir<\/p>\n<p>55% arabica<\/p>\n<hr \/>\n<p><img fetchpriority=\"high\" decoding=\"async\" class=\"alignnone wp-image-1241\" src=\"https:\/\/passalacqua.is\/wp-content\/uploads\/2021\/04\/ragno_miscela-25_en-1-300x225.png\" alt=\"\" width=\"363\" height=\"272\" srcset=\"https:\/\/passalacqua.is\/wp-content\/uploads\/2021\/04\/ragno_miscela-25_en-1-300x225.png 300w, https:\/\/passalacqua.is\/wp-content\/uploads\/2021\/04\/ragno_miscela-25_en-1-600x450.png 600w, https:\/\/passalacqua.is\/wp-content\/uploads\/2021\/04\/ragno_miscela-25_en-1-768x576.png 768w, https:\/\/passalacqua.is\/wp-content\/uploads\/2021\/04\/ragno_miscela-25_en-1.png 900w\" sizes=\"(max-width: 363px) 100vw, 363px\" \/><\/p>\n","protected":false},"featured_media":1240,"template":"","meta":{"_crdt_document":""},"product_brand":[],"product_cat":[77],"product_tag":[],"berocket_brand":[],"class_list":{"0":"post-3093","1":"product","2":"type-product","3":"status-publish","4":"has-post-thumbnail","6":"product_cat-pudar","8":"first","9":"instock","10":"shipping-taxable","11":"purchasable","12":"product-type-simple"},"_links":{"self":[{"href":"https:\/\/passalacqua.is\/is\/wp-json\/wp\/v2\/product\/3093","targetHints":{"allow":["GET"]}}],"collection":[{"href":"https:\/\/passalacqua.is\/is\/wp-json\/wp\/v2\/product"}],"about":[{"href":"https:\/\/passalacqua.is\/is\/wp-json\/wp\/v2\/types\/product"}],"wp:featuredmedia":[{"embeddable":true,"href":"https:\/\/passalacqua.is\/is\/wp-json\/wp\/v2\/media\/1240"}],"wp:attachment":[{"href":"https:\/\/passalacqua.is\/is\/wp-json\/wp\/v2\/media?parent=3093"}],"wp:term":[{"taxonomy":"product_brand","embeddable":true,"href":"https:\/\/passalacqua.is\/is\/wp-json\/wp\/v2\/product_brand?post=3093"},{"taxonomy":"product_cat","embeddable":true,"href":"https:\/\/passalacqua.is\/is\/wp-json\/wp\/v2\/product_cat?post=3093"},{"taxonomy":"product_tag","embeddable":true,"href":"https:\/\/passalacqua.is\/is\/wp-json\/wp\/v2\/product_tag?post=3093"},{"taxonomy":"berocket_brand","embeddable":true,"href":"https:\/\/passalacqua.is\/is\/wp-json\/wp\/v2\/berocket_brand?post=3093"}],"curies":[{"name":"wp","href":"https:\/\/api.w.org\/{rel}","templated":true}]}}