{"id":3095,"date":"2021-04-08T17:10:40","date_gmt":"2021-04-08T17:10:40","guid":{"rendered":"https:\/\/passalacqua.is\/shop\/uncategorized\/harem\/"},"modified":"2022-12-10T20:13:25","modified_gmt":"2022-12-10T20:13:25","slug":"harem","status":"publish","type":"product","link":"https:\/\/passalacqua.is\/is\/shop\/baunir\/harem\/","title":{"rendered":"Harem baunir 500g"},"content":{"rendered":"<p><strong>Harem er ein besta kaffiblanda \u00ed heimi. 100% Arabica fr\u00e1 10 mismunandi r\u00e6ktunarsv\u00e6\u00f0um. \u00dear \u00e1 me\u00f0al tv\u00e6r af sjaldg\u00e6fustu og ver\u00f0m\u00e6tustu tegundum af g\u00e6\u00f0akaffi \u00e1 marka\u00f0num. \u00deessi blanda er flaggskip Passalacqua fj\u00f6lskyldunnar og er tileinku\u00f0 algj\u00f6rum kaffig\u00e6\u00f0ingum.<\/strong><\/p>\n<p>Harem kaffi\u00f0 inniheldur me\u00f0al annars <strong>Jamaica Blue Mountain<\/strong> og <strong>Puerto Rico San Pedro<\/strong>, sem gerir \u00feessa v\u00f6ru algj\u00f6rlega <strong>einstaka hva\u00f0 var\u00f0ar ilm, brag\u00f0 og g\u00e6\u00f0i.<\/strong> Jamaica Blue Mountain er besta kaffi\u00f0 \u00e1 al\u00fej\u00f3\u00f0legum marka\u00f0i, kaffi me\u00f0 keim af hunangi, vanillu og \u00feurrku\u00f0um \u00e1v\u00f6xtum, ekkert kaffi jafnast vi\u00f0 \u00fea\u00f0 \u00ed brag\u00f0i. Puerto Rico San Pedro var\u00f0 til \u00ed Central Cordillera fj\u00f6llunum \u00e1 Puerto Rico \u00ed yfir 1000m h\u00e6\u00f0 yfir sj\u00e1varm\u00e1l. \u00de\u00f6kk s\u00e9 jar\u00f0veginum og sta\u00f0setningu r\u00e6ktunarinnar sem gerir brag\u00f0i\u00f0 og ilminn af \u00fev\u00ed alveg einstakann. \u00c1vaxta keimur me\u00f0 sm\u00e1 snerti af d\u00f6kku s\u00fakkula\u00f0i og heslihnetum.<\/p>\n<p>\u00de\u00f6kk s\u00e9 g\u00f3\u00f0ri bl\u00f6ndun af s\u00e9rv\u00f6ldum uppruna er Harem blanda sem getur gefi\u00f0 brag\u00f0laukunum <strong>einstakan una\u00f0<\/strong>. \u00deetta er s\u00e6tt kaffi af n\u00e1tt\u00farunnar hendi til a\u00f0 nj\u00f3ta heima og \u00e1 kaffih\u00fasinu.<\/p>\n","protected":false},"excerpt":{"rendered":"<p>Harem baunir 500g<\/p>\n<p>10 baunategundir<\/p>\n<p>100% arabica<\/p>\n<hr \/>\n<p>&nbsp;<\/p>\n<p><img fetchpriority=\"high\" decoding=\"async\" class=\"alignnone wp-image-1232\" src=\"https:\/\/passalacqua.is\/wp-content\/uploads\/2021\/04\/ragno_miscela-26_en-300x225.png\" alt=\"\" width=\"362\" height=\"271\" srcset=\"https:\/\/passalacqua.is\/wp-content\/uploads\/2021\/04\/ragno_miscela-26_en-300x225.png 300w, https:\/\/passalacqua.is\/wp-content\/uploads\/2021\/04\/ragno_miscela-26_en-600x450.png 600w, https:\/\/passalacqua.is\/wp-content\/uploads\/2021\/04\/ragno_miscela-26_en-768x576.png 768w, https:\/\/passalacqua.is\/wp-content\/uploads\/2021\/04\/ragno_miscela-26_en.png 900w\" sizes=\"(max-width: 362px) 100vw, 362px\" \/><\/p>\n","protected":false},"featured_media":1231,"template":"","meta":{"_crdt_document":""},"product_brand":[],"product_cat":[74],"product_tag":[],"berocket_brand":[],"class_list":{"0":"post-3095","1":"product","2":"type-product","3":"status-publish","4":"has-post-thumbnail","6":"product_cat-baunir","8":"first","9":"instock","10":"shipping-taxable","11":"purchasable","12":"product-type-simple"},"_links":{"self":[{"href":"https:\/\/passalacqua.is\/is\/wp-json\/wp\/v2\/product\/3095","targetHints":{"allow":["GET"]}}],"collection":[{"href":"https:\/\/passalacqua.is\/is\/wp-json\/wp\/v2\/product"}],"about":[{"href":"https:\/\/passalacqua.is\/is\/wp-json\/wp\/v2\/types\/product"}],"wp:featuredmedia":[{"embeddable":true,"href":"https:\/\/passalacqua.is\/is\/wp-json\/wp\/v2\/media\/1231"}],"wp:attachment":[{"href":"https:\/\/passalacqua.is\/is\/wp-json\/wp\/v2\/media?parent=3095"}],"wp:term":[{"taxonomy":"product_brand","embeddable":true,"href":"https:\/\/passalacqua.is\/is\/wp-json\/wp\/v2\/product_brand?post=3095"},{"taxonomy":"product_cat","embeddable":true,"href":"https:\/\/passalacqua.is\/is\/wp-json\/wp\/v2\/product_cat?post=3095"},{"taxonomy":"product_tag","embeddable":true,"href":"https:\/\/passalacqua.is\/is\/wp-json\/wp\/v2\/product_tag?post=3095"},{"taxonomy":"berocket_brand","embeddable":true,"href":"https:\/\/passalacqua.is\/is\/wp-json\/wp\/v2\/berocket_brand?post=3095"}],"curies":[{"name":"wp","href":"https:\/\/api.w.org\/{rel}","templated":true}]}}