{"id":3097,"date":"2021-04-08T16:54:51","date_gmt":"2021-04-08T16:54:51","guid":{"rendered":"https:\/\/passalacqua.is\/shop\/uncategorized\/hanabera\/"},"modified":"2021-04-08T16:54:51","modified_gmt":"2021-04-08T16:54:51","slug":"hanabera","status":"publish","type":"product","link":"https:\/\/passalacqua.is\/is\/shop\/pudar\/hanabera\/","title":{"rendered":"Hanabera p\u00fa\u00f0ar 50 stk"},"content":{"rendered":"<p style=\"margin-top: 0cm; background: #FAFBFC;\"><strong><span style=\"font-size: 13.5pt; font-family: Poppins; color: #937d2e;\">Habanera er Passalacqua blanda \u00e6ttu\u00f0 fr\u00e1 10 af bestu r\u00e6ktunarsv\u00e6\u00f0um heims. \u00dea\u00f0 skilar s\u00e9r \u00ed einst\u00f6kum ilmi og fullkomnu jafnv\u00e6gi. <\/span><\/strong><\/p>\n<p style=\"margin-top: 0cm; background: #FAFBFC;\"><span style=\"font-size: 13.5pt; font-family: Poppins; color: #937d2e;\">Lykilor\u00f0 Habanera er jafnv\u00e6gi, vegna \u00feess a\u00f0 \u00ed \u00fev\u00ed er blanda\u00f0 f\u00ednustu Arabica og Robusta baunum fr\u00e1 bestu plantekrum \u00ed heimi, sem gefa bl\u00f6ndu \u00ed h\u00e6sta g\u00e6\u00f0aflokki me\u00f0 bestu eiginleikum beggja afbrig\u00f0a. Flj\u00f3tlegt og \u00fe\u00e6gilegt a\u00f0 \u00fatb\u00faa me\u00f0 m\u00e1tulegum skammti \u00ed hverjum p\u00fa\u00f0a og einnig f\u00e1nlegt \u00ed Nespresso samh\u00e6f\u00f0um hylkjum. <\/span><\/p>\n<div class=\"row\">\n<div class=\"col-md-12\">\n<p>&nbsp;<\/p>\n<\/div>\n<\/div>\n","protected":false},"excerpt":{"rendered":"<p>Hanabera p\u00fa\u00f0ar 50 stk<\/p>\n<p>10 baunategundir<\/p>\n<p>80% arabica<\/p>\n<p>&nbsp;<\/p>\n<p>&nbsp;<\/p>\n","protected":false},"featured_media":1227,"template":"","meta":{"_crdt_document":""},"product_brand":[],"product_cat":[77],"product_tag":[],"berocket_brand":[],"class_list":{"0":"post-3097","1":"product","2":"type-product","3":"status-publish","4":"has-post-thumbnail","6":"product_cat-pudar","8":"first","9":"instock","10":"shipping-taxable","11":"purchasable","12":"product-type-simple"},"_links":{"self":[{"href":"https:\/\/passalacqua.is\/is\/wp-json\/wp\/v2\/product\/3097","targetHints":{"allow":["GET"]}}],"collection":[{"href":"https:\/\/passalacqua.is\/is\/wp-json\/wp\/v2\/product"}],"about":[{"href":"https:\/\/passalacqua.is\/is\/wp-json\/wp\/v2\/types\/product"}],"wp:featuredmedia":[{"embeddable":true,"href":"https:\/\/passalacqua.is\/is\/wp-json\/wp\/v2\/media\/1227"}],"wp:attachment":[{"href":"https:\/\/passalacqua.is\/is\/wp-json\/wp\/v2\/media?parent=3097"}],"wp:term":[{"taxonomy":"product_brand","embeddable":true,"href":"https:\/\/passalacqua.is\/is\/wp-json\/wp\/v2\/product_brand?post=3097"},{"taxonomy":"product_cat","embeddable":true,"href":"https:\/\/passalacqua.is\/is\/wp-json\/wp\/v2\/product_cat?post=3097"},{"taxonomy":"product_tag","embeddable":true,"href":"https:\/\/passalacqua.is\/is\/wp-json\/wp\/v2\/product_tag?post=3097"},{"taxonomy":"berocket_brand","embeddable":true,"href":"https:\/\/passalacqua.is\/is\/wp-json\/wp\/v2\/berocket_brand?post=3097"}],"curies":[{"name":"wp","href":"https:\/\/api.w.org\/{rel}","templated":true}]}}