{"id":3098,"date":"2021-04-07T00:17:11","date_gmt":"2021-04-07T00:17:11","guid":{"rendered":"https:\/\/passalacqua.is\/shop\/uncategorized\/cremador-2\/"},"modified":"2022-12-10T19:47:41","modified_gmt":"2022-12-10T19:47:41","slug":"cremador-2","status":"publish","type":"product","link":"https:\/\/passalacqua.is\/is\/shop\/malad-kaffi\/cremador-2\/","title":{"rendered":"Cremador mala\u00f0 kaffi \u00ed d\u00f3s 250g"},"content":{"rendered":"<p><strong>Passalacqua Cremador er blanda af kaffi fr\u00e1 5 bestu r\u00e6ktunarl\u00f6ndum heims, sem gefur einstaka \u00fatkomu af kaffiilm og fullkomnu jafnv\u00e6gi til a\u00f0 nj\u00f3ta heima, \u00e1 kaffih\u00fasinu e\u00f0a skrifstofunni.<\/strong><\/p>\n<p>Passalacqua Cremador er blanda af kaffi fr\u00e1 5 bestu upprunal\u00f6ndum \u00ed heiminum sem gefur einstaka \u00fatkomu af kaffi ilm og fullkomnu jafnv\u00e6gi til a\u00f0 nj\u00f3ta heima, \u00e1 kaffih\u00fasinu e\u00f0a skrifstofunni.<\/p>\n","protected":false},"excerpt":{"rendered":"<p>Cremador mala\u00f0 kaffi 250g<\/p>\n<p>5 baunategundir<\/p>\n<p>70% arabica<\/p>\n<hr \/>\n<p>THE BEST FROM THE WORLD:<\/p>\n<p><img fetchpriority=\"high\" decoding=\"async\" class=\"alignnone wp-image-1207\" src=\"https:\/\/passalacqua.is\/wp-content\/uploads\/2021\/04\/ragno_miscela-33_en-1-300x225.png\" alt=\"\" width=\"453\" height=\"340\" srcset=\"https:\/\/passalacqua.is\/wp-content\/uploads\/2021\/04\/ragno_miscela-33_en-1-300x225.png 300w, https:\/\/passalacqua.is\/wp-content\/uploads\/2021\/04\/ragno_miscela-33_en-1-600x450.png 600w, https:\/\/passalacqua.is\/wp-content\/uploads\/2021\/04\/ragno_miscela-33_en-1-768x576.png 768w, https:\/\/passalacqua.is\/wp-content\/uploads\/2021\/04\/ragno_miscela-33_en-1.png 900w\" sizes=\"(max-width: 453px) 100vw, 453px\" \/><\/p>\n","protected":false},"featured_media":1206,"template":"","meta":{"_crdt_document":""},"product_brand":[],"product_cat":[78],"product_tag":[],"berocket_brand":[],"class_list":{"0":"post-3098","1":"product","2":"type-product","3":"status-publish","4":"has-post-thumbnail","6":"product_cat-malad-kaffi","8":"first","9":"instock","10":"shipping-taxable","11":"purchasable","12":"product-type-simple"},"_links":{"self":[{"href":"https:\/\/passalacqua.is\/is\/wp-json\/wp\/v2\/product\/3098","targetHints":{"allow":["GET"]}}],"collection":[{"href":"https:\/\/passalacqua.is\/is\/wp-json\/wp\/v2\/product"}],"about":[{"href":"https:\/\/passalacqua.is\/is\/wp-json\/wp\/v2\/types\/product"}],"wp:featuredmedia":[{"embeddable":true,"href":"https:\/\/passalacqua.is\/is\/wp-json\/wp\/v2\/media\/1206"}],"wp:attachment":[{"href":"https:\/\/passalacqua.is\/is\/wp-json\/wp\/v2\/media?parent=3098"}],"wp:term":[{"taxonomy":"product_brand","embeddable":true,"href":"https:\/\/passalacqua.is\/is\/wp-json\/wp\/v2\/product_brand?post=3098"},{"taxonomy":"product_cat","embeddable":true,"href":"https:\/\/passalacqua.is\/is\/wp-json\/wp\/v2\/product_cat?post=3098"},{"taxonomy":"product_tag","embeddable":true,"href":"https:\/\/passalacqua.is\/is\/wp-json\/wp\/v2\/product_tag?post=3098"},{"taxonomy":"berocket_brand","embeddable":true,"href":"https:\/\/passalacqua.is\/is\/wp-json\/wp\/v2\/berocket_brand?post=3098"}],"curies":[{"name":"wp","href":"https:\/\/api.w.org\/{rel}","templated":true}]}}