{"id":3099,"date":"2021-04-07T00:10:14","date_gmt":"2021-04-07T00:10:14","guid":{"rendered":"https:\/\/passalacqua.is\/shop\/uncategorized\/cremador\/"},"modified":"2022-12-10T19:49:35","modified_gmt":"2022-12-10T19:49:35","slug":"cremador","status":"publish","type":"product","link":"https:\/\/passalacqua.is\/is\/shop\/malad-kaffi\/cremador\/","title":{"rendered":"Cremador mala\u00f0 kaffi 250g"},"content":{"rendered":"<p><strong>Passalacqua Cremador er blanda af kaffi fr\u00e1 5 bestu r\u00e6ktunarl\u00f6ndum heims, sem gefur einstaka \u00fatkomu af kaffiilm og fullkomnu jafnv\u00e6gi til a\u00f0 nj\u00f3ta heima, \u00e1 kaffih\u00fasinu e\u00f0a skrifstofunni.<\/strong><\/p>\n<p>Einkenni Cremador er jafnv\u00e6gi milli brag\u00f0eiginleika. \u00dea\u00f0 inniheldur h\u00e1g\u00e6\u00f0a Arabica og Robosta fr\u00e1 bestu r\u00e6ktendum um allan heim, algj\u00f6r g\u00e6\u00f0ablanda sem gefur \u00fea\u00f0 besta af \u00feessum tveimur tegundum.<\/p>\n","protected":false},"excerpt":{"rendered":"<p>Cremador mala\u00f0 kaffi 250g<\/p>\n<p>5\u00a0 baunategundir<\/p>\n<p>70% arabica<\/p>\n<p>&nbsp;<\/p>\n<hr \/>\n<p>&nbsp;<\/p>\n<p><img fetchpriority=\"high\" decoding=\"async\" class=\"alignnone wp-image-1205\" src=\"https:\/\/passalacqua.is\/wp-content\/uploads\/2021\/04\/ragno_miscela-33_en-300x225.png\" alt=\"\" width=\"315\" height=\"236\" srcset=\"https:\/\/passalacqua.is\/wp-content\/uploads\/2021\/04\/ragno_miscela-33_en-300x225.png 300w, https:\/\/passalacqua.is\/wp-content\/uploads\/2021\/04\/ragno_miscela-33_en-600x450.png 600w, https:\/\/passalacqua.is\/wp-content\/uploads\/2021\/04\/ragno_miscela-33_en-768x576.png 768w, https:\/\/passalacqua.is\/wp-content\/uploads\/2021\/04\/ragno_miscela-33_en.png 900w\" sizes=\"(max-width: 315px) 100vw, 315px\" \/><\/p>\n","protected":false},"featured_media":1204,"template":"","meta":{"_crdt_document":""},"product_brand":[],"product_cat":[78],"product_tag":[],"berocket_brand":[],"class_list":{"0":"post-3099","1":"product","2":"type-product","3":"status-publish","4":"has-post-thumbnail","6":"product_cat-malad-kaffi","8":"first","9":"instock","10":"shipping-taxable","11":"purchasable","12":"product-type-simple"},"_links":{"self":[{"href":"https:\/\/passalacqua.is\/is\/wp-json\/wp\/v2\/product\/3099","targetHints":{"allow":["GET"]}}],"collection":[{"href":"https:\/\/passalacqua.is\/is\/wp-json\/wp\/v2\/product"}],"about":[{"href":"https:\/\/passalacqua.is\/is\/wp-json\/wp\/v2\/types\/product"}],"wp:featuredmedia":[{"embeddable":true,"href":"https:\/\/passalacqua.is\/is\/wp-json\/wp\/v2\/media\/1204"}],"wp:attachment":[{"href":"https:\/\/passalacqua.is\/is\/wp-json\/wp\/v2\/media?parent=3099"}],"wp:term":[{"taxonomy":"product_brand","embeddable":true,"href":"https:\/\/passalacqua.is\/is\/wp-json\/wp\/v2\/product_brand?post=3099"},{"taxonomy":"product_cat","embeddable":true,"href":"https:\/\/passalacqua.is\/is\/wp-json\/wp\/v2\/product_cat?post=3099"},{"taxonomy":"product_tag","embeddable":true,"href":"https:\/\/passalacqua.is\/is\/wp-json\/wp\/v2\/product_tag?post=3099"},{"taxonomy":"berocket_brand","embeddable":true,"href":"https:\/\/passalacqua.is\/is\/wp-json\/wp\/v2\/berocket_brand?post=3099"}],"curies":[{"name":"wp","href":"https:\/\/api.w.org\/{rel}","templated":true}]}}